{"id":616,"date":"2026-01-26T17:41:11","date_gmt":"2026-01-26T17:41:11","guid":{"rendered":"https:\/\/pokawa.com\/?page_id=616"},"modified":"2026-03-30T12:11:01","modified_gmt":"2026-03-30T12:11:01","slug":"programme-de-parrainage","status":"publish","type":"page","link":"https:\/\/pokawa.com\/es\/programme-de-parrainage\/","title":{"rendered":"Programa de patrocinio"},"content":{"rendered":"<div data-elementor-type=\"wp-page\" data-elementor-id=\"616\" class=\"elementor elementor-616\" data-elementor-post-type=\"page\">\n\t\t\t\t\t\t<section class=\"elementor-section elementor-top-section elementor-element elementor-element-16c05b7 elementor-section-height-min-height elementor-section-boxed elementor-section-height-default elementor-section-items-middle\" data-id=\"16c05b7\" data-element_type=\"section\" data-e-type=\"section\" data-settings=\"{&quot;background_background&quot;:&quot;classic&quot;}\">\n\t\t\t\t\t\t<div class=\"elementor-container elementor-column-gap-default\">\n\t\t\t\t\t<div class=\"elementor-column elementor-col-100 elementor-top-column elementor-element elementor-element-7b31d1a\" data-id=\"7b31d1a\" data-element_type=\"column\" data-e-type=\"column\">\n\t\t\t<div class=\"elementor-widget-wrap elementor-element-populated\">\n\t\t\t\t\t\t<div class=\"elementor-element elementor-element-1c0a527 elementor-widget__width-initial elementor-widget elementor-widget-heading\" data-id=\"1c0a527\" data-element_type=\"widget\" data-e-type=\"widget\" data-widget_type=\"heading.default\">\n\t\t\t\t\t<h2 class=\"elementor-heading-title elementor-size-default\">Programa de patrocinio<\/h2>\t\t\t\t<\/div>\n\t\t\t\t\t<\/div>\n\t\t<\/div>\n\t\t\t\t\t<\/div>\n\t\t<\/section>\n\t\t\t\t<section class=\"elementor-section elementor-top-section elementor-element elementor-element-306799d elementor-section-boxed elementor-section-height-default elementor-section-height-default\" data-id=\"306799d\" data-element_type=\"section\" data-e-type=\"section\" data-settings=\"{&quot;background_background&quot;:&quot;classic&quot;}\">\n\t\t\t\t\t\t<div class=\"elementor-container elementor-column-gap-default\">\n\t\t\t\t\t<div class=\"elementor-column elementor-col-100 elementor-top-column elementor-element elementor-element-42ba958\" data-id=\"42ba958\" data-element_type=\"column\" data-e-type=\"column\">\n\t\t\t<div class=\"elementor-widget-wrap elementor-element-populated\">\n\t\t\t\t\t\t<div class=\"elementor-element elementor-element-eabe864 elementor-widget__width-initial elementor-widget-mobile__width-initial elementor-widget elementor-widget-heading\" data-id=\"eabe864\" data-element_type=\"widget\" data-e-type=\"widget\" data-widget_type=\"heading.default\">\n\t\t\t\t\t<h2 class=\"elementor-heading-title elementor-size-default\">PATROCINA A TUS\nAMIGOS<\/h2>\t\t\t\t<\/div>\n\t\t\t\t<section class=\"elementor-section elementor-inner-section elementor-element elementor-element-abc269d elementor-section-full_width elementor-section-height-default elementor-section-height-default\" data-id=\"abc269d\" data-element_type=\"section\" data-e-type=\"section\">\n\t\t\t\t\t\t<div class=\"elementor-container elementor-column-gap-default\">\n\t\t\t\t\t<div class=\"elementor-column elementor-col-33 elementor-inner-column elementor-element elementor-element-5afea36\" data-id=\"5afea36\" data-element_type=\"column\" data-e-type=\"column\">\n\t\t\t<div class=\"elementor-widget-wrap elementor-element-populated\">\n\t\t\t\t\t\t<div class=\"elementor-element elementor-element-b9ba639 elementor-widget elementor-widget-heading\" data-id=\"b9ba639\" data-element_type=\"widget\" data-e-type=\"widget\" data-widget_type=\"heading.default\">\n\t\t\t\t\t<h2 class=\"elementor-heading-title elementor-size-default\">OFERTA LIMITADA<\/h2>\t\t\t\t<\/div>\n\t\t\t\t<div class=\"elementor-element elementor-element-3058518 elementor-widget elementor-widget-text-editor\" data-id=\"3058518\" data-element_type=\"widget\" data-e-type=\"widget\" data-widget_type=\"text-editor.default\">\n\t\t\t\t\t\t\t\t\tEn Pokawa, nuestro programa de recomendaci\u00f3n te permite compartir el placer mientras te recompensamos. Aprovecha ahora mismo nuestra oferta limitada: 7 \u20ac de descuento por cada 20 \u20ac que gastes con cada recomendaci\u00f3n. \t\t\t\t\t\t\t\t<\/div>\n\t\t\t\t\t<\/div>\n\t\t<\/div>\n\t\t\t\t<div class=\"elementor-column elementor-col-33 elementor-inner-column elementor-element elementor-element-b34e7f7\" data-id=\"b34e7f7\" data-element_type=\"column\" data-e-type=\"column\">\n\t\t\t<div class=\"elementor-widget-wrap\">\n\t\t\t\t\t\t\t<\/div>\n\t\t<\/div>\n\t\t\t\t<div class=\"elementor-column elementor-col-33 elementor-inner-column elementor-element elementor-element-2ba2ade\" data-id=\"2ba2ade\" data-element_type=\"column\" data-e-type=\"column\">\n\t\t\t<div class=\"elementor-widget-wrap elementor-element-populated\">\n\t\t\t\t\t\t<div class=\"elementor-element elementor-element-a1aa883 elementor-widget elementor-widget-text-editor\" data-id=\"a1aa883\" data-element_type=\"widget\" data-e-type=\"widget\" data-widget_type=\"text-editor.default\">\n\t\t\t\t\t\t\t\t\t<p>Es una forma generosa de compartir nuestras recetas con amigos y familiares, y de disfrutar de la compa\u00f1\u00eda de los dem\u00e1s.<\/p>\t\t\t\t\t\t\t\t<\/div>\n\t\t\t\t\t<\/div>\n\t\t<\/div>\n\t\t\t\t\t<\/div>\n\t\t<\/section>\n\t\t\t\t<div class=\"elementor-element elementor-element-33ca867 elementor-widget elementor-widget-image\" data-id=\"33ca867\" data-element_type=\"widget\" data-e-type=\"widget\" data-widget_type=\"image.default\">\n\t\t\t\t\t\t\t\t\t\t\t\t\t\t\t<img fetchpriority=\"high\" decoding=\"async\" width=\"1920\" height=\"1078\" src=\"https:\/\/pokawa.com\/wp-content\/uploads\/2026\/02\/Capture-decran-2026-02-06-a-11.52.14.webp\" class=\"attachment-full size-full wp-image-1454\" alt=\"\" srcset=\"https:\/\/pokawa.com\/wp-content\/uploads\/2026\/02\/Capture-decran-2026-02-06-a-11.52.14.webp 1920w, https:\/\/pokawa.com\/wp-content\/uploads\/2026\/02\/Capture-decran-2026-02-06-a-11.52.14-300x168.webp 300w, https:\/\/pokawa.com\/wp-content\/uploads\/2026\/02\/Capture-decran-2026-02-06-a-11.52.14-1024x575.webp 1024w, https:\/\/pokawa.com\/wp-content\/uploads\/2026\/02\/Capture-decran-2026-02-06-a-11.52.14-768x431.webp 768w, https:\/\/pokawa.com\/wp-content\/uploads\/2026\/02\/Capture-decran-2026-02-06-a-11.52.14-1536x863.webp 1536w\" sizes=\"(max-width: 1920px) 100vw, 1920px\" \/>\t\t\t\t\t\t\t\t\t\t\t\t\t\t\t<\/div>\n\t\t\t\t<div class=\"elementor-element elementor-element-36b35e0 elementor-align-center elementor-widget elementor-widget-button\" data-id=\"36b35e0\" data-element_type=\"widget\" data-e-type=\"widget\" data-widget_type=\"button.default\">\n\t\t\t\t\t\t\t\t\t\t<a class=\"elementor-button elementor-button-link elementor-size-sm elementor-animation-shrink\" href=\"\/es\/programme-de-fidelite\/\">\n\t\t\t\t\t\t<span class=\"elementor-button-content-wrapper\">\n\t\t\t\t\t\t\t\t\t<span class=\"elementor-button-text\">DESCARGAR LA APLICACI\u00d3N<\/span>\n\t\t\t\t\t<\/span>\n\t\t\t\t\t<\/a>\n\t\t\t\t\t\t\t\t<\/div>\n\t\t\t\t\t<\/div>\n\t\t<\/div>\n\t\t\t\t\t<\/div>\n\t\t<\/section>\n\t\t\t\t<section class=\"elementor-section elementor-top-section elementor-element elementor-element-4be5979 elementor-section-boxed elementor-section-height-default elementor-section-height-default\" data-id=\"4be5979\" data-element_type=\"section\" data-e-type=\"section\">\n\t\t\t\t\t\t<div class=\"elementor-container elementor-column-gap-default\">\n\t\t\t\t\t<div class=\"elementor-column elementor-col-100 elementor-top-column elementor-element elementor-element-18d5565\" data-id=\"18d5565\" data-element_type=\"column\" data-e-type=\"column\">\n\t\t\t<div class=\"elementor-widget-wrap elementor-element-populated\">\n\t\t\t\t\t\t<div class=\"elementor-element elementor-element-65dafad elementor-widget elementor-widget-heading\" data-id=\"65dafad\" data-element_type=\"widget\" data-e-type=\"widget\" data-widget_type=\"heading.default\">\n\t\t\t\t\t<h2 class=\"elementor-heading-title elementor-size-default\">\u00bfC\u00f3mo funciona?<\/h2>\t\t\t\t<\/div>\n\t\t\t\t<section class=\"elementor-section elementor-inner-section elementor-element elementor-element-3194e35 elementor-section-full_width elementor-section-height-default elementor-section-height-default\" data-id=\"3194e35\" data-element_type=\"section\" data-e-type=\"section\">\n\t\t\t\t\t\t<div class=\"elementor-container elementor-column-gap-default\">\n\t\t\t\t\t<div class=\"elementor-column elementor-col-50 elementor-inner-column elementor-element elementor-element-d1ab425\" data-id=\"d1ab425\" data-element_type=\"column\" data-e-type=\"column\" data-settings=\"{&quot;background_background&quot;:&quot;classic&quot;}\">\n\t\t\t<div class=\"elementor-widget-wrap elementor-element-populated\">\n\t\t\t\t\t\t<div class=\"elementor-element elementor-element-578a698 elementor-widget elementor-widget-heading\" data-id=\"578a698\" data-element_type=\"widget\" data-e-type=\"widget\" data-widget_type=\"heading.default\">\n\t\t\t\t\t<h2 class=\"elementor-heading-title elementor-size-default\">1. Crear una cuenta<\/h2>\t\t\t\t<\/div>\n\t\t\t\t<div class=\"elementor-element elementor-element-c27f9f6 elementor-widget elementor-widget-text-editor\" data-id=\"c27f9f6\" data-element_type=\"widget\" data-e-type=\"widget\" data-widget_type=\"text-editor.default\">\n\t\t\t\t\t\t\t\t\t\u00a1Visite nuestro sitio web o nuestra aplicaci\u00f3n m\u00f3vil para crear su cuenta POKAWA!\t\t\t\t\t\t\t\t<\/div>\n\t\t\t\t\t<\/div>\n\t\t<\/div>\n\t\t\t\t<div class=\"elementor-column elementor-col-50 elementor-inner-column elementor-element elementor-element-a2c37db\" data-id=\"a2c37db\" data-element_type=\"column\" data-e-type=\"column\" data-settings=\"{&quot;background_background&quot;:&quot;classic&quot;}\">\n\t\t\t<div class=\"elementor-widget-wrap elementor-element-populated\">\n\t\t\t\t\t\t<div class=\"elementor-element elementor-element-56fb514 elementor-widget elementor-widget-heading\" data-id=\"56fb514\" data-element_type=\"widget\" data-e-type=\"widget\" data-widget_type=\"heading.default\">\n\t\t\t\t\t<h2 class=\"elementor-heading-title elementor-size-default\">2. Realice su primer pedido<\/h2>\t\t\t\t<\/div>\n\t\t\t\t<div class=\"elementor-element elementor-element-1de4ea3 elementor-widget elementor-widget-text-editor\" data-id=\"1de4ea3\" data-element_type=\"widget\" data-e-type=\"widget\" data-widget_type=\"text-editor.default\">\n\t\t\t\t\t\t\t\t\tBienvenido a Hawaii, \u00a1todo lo que tiene que hacer para convertirse en patrocinador es realizar su primer pedido!\t\t\t\t\t\t\t\t<\/div>\n\t\t\t\t\t<\/div>\n\t\t<\/div>\n\t\t\t\t\t<\/div>\n\t\t<\/section>\n\t\t\t\t<section class=\"elementor-section elementor-inner-section elementor-element elementor-element-4828451 elementor-section-full_width elementor-section-height-default elementor-section-height-default\" data-id=\"4828451\" data-element_type=\"section\" data-e-type=\"section\">\n\t\t\t\t\t\t<div class=\"elementor-container elementor-column-gap-default\">\n\t\t\t\t\t<div class=\"elementor-column elementor-col-50 elementor-inner-column elementor-element elementor-element-8c923de\" data-id=\"8c923de\" data-element_type=\"column\" data-e-type=\"column\" data-settings=\"{&quot;background_background&quot;:&quot;classic&quot;}\">\n\t\t\t<div class=\"elementor-widget-wrap elementor-element-populated\">\n\t\t\t\t\t\t<div class=\"elementor-element elementor-element-d09bdb3 elementor-widget elementor-widget-heading\" data-id=\"d09bdb3\" data-element_type=\"widget\" data-e-type=\"widget\" data-widget_type=\"heading.default\">\n\t\t\t\t\t<h2 class=\"elementor-heading-title elementor-size-default\">3. Comparta su enlace de referencia<\/h2>\t\t\t\t<\/div>\n\t\t\t\t<div class=\"elementor-element elementor-element-e2e1bfc elementor-widget elementor-widget-text-editor\" data-id=\"e2e1bfc\" data-element_type=\"widget\" data-e-type=\"widget\" data-widget_type=\"text-editor.default\">\n\t\t\t\t\t\t\t\t\tM\u00e1s f\u00e1cil imposible. Ve al \u00e1rea de tu cuenta. S\u00f3lo tienes que compartir el enlace con tus amigos.\t\t\t\t\t\t\t\t<\/div>\n\t\t\t\t\t<\/div>\n\t\t<\/div>\n\t\t\t\t<div class=\"elementor-column elementor-col-50 elementor-inner-column elementor-element elementor-element-dc18fc6\" data-id=\"dc18fc6\" data-element_type=\"column\" data-e-type=\"column\" data-settings=\"{&quot;background_background&quot;:&quot;classic&quot;}\">\n\t\t\t<div class=\"elementor-widget-wrap elementor-element-populated\">\n\t\t\t\t\t\t<div class=\"elementor-element elementor-element-dafe37b elementor-widget elementor-widget-heading\" data-id=\"dafe37b\" data-element_type=\"widget\" data-e-type=\"widget\" data-widget_type=\"heading.default\">\n\t\t\t\t\t<h2 class=\"elementor-heading-title elementor-size-default\">4. Recoge tu recompensa<\/h2>\t\t\t\t<\/div>\n\t\t\t\t<div class=\"elementor-element elementor-element-8c3afc5 elementor-widget elementor-widget-text-editor\" data-id=\"8c3afc5\" data-element_type=\"widget\" data-e-type=\"widget\" data-widget_type=\"text-editor.default\">\n\t\t\t\t\t\t\t\t\tTus amigos deben utilizar tu c\u00f3digo de descuento exclusivo de 7 euros. Recibir\u00e1s tu recompensa de 7 \u20ac por correo electr\u00f3nico\t\t\t\t\t\t\t\t<\/div>\n\t\t\t\t\t<\/div>\n\t\t<\/div>\n\t\t\t\t\t<\/div>\n\t\t<\/section>\n\t\t\t\t<div class=\"elementor-element elementor-element-3adcba3 elementor-widget elementor-widget-spacer\" data-id=\"3adcba3\" data-element_type=\"widget\" data-e-type=\"widget\" data-widget_type=\"spacer.default\">\n\t\t\t\t\t\t\t<div class=\"elementor-spacer\">\n\t\t\t<div class=\"elementor-spacer-inner\"><\/div>\n\t\t<\/div>\n\t\t\t\t\t\t<\/div>\n\t\t\t\t\t<\/div>\n\t\t<\/div>\n\t\t\t\t\t<\/div>\n\t\t<\/section>\n\t\t\t\t<section class=\"elementor-section elementor-top-section elementor-element elementor-element-0895949 elementor-reverse-mobile elementor-section-boxed elementor-section-height-default elementor-section-height-default\" data-id=\"0895949\" data-element_type=\"section\" data-e-type=\"section\">\n\t\t\t\t\t\t<div class=\"elementor-container elementor-column-gap-wider\">\n\t\t\t\t\t<div class=\"elementor-column elementor-col-50 elementor-top-column elementor-element elementor-element-b6f7246\" data-id=\"b6f7246\" data-element_type=\"column\" data-e-type=\"column\">\n\t\t\t<div class=\"elementor-widget-wrap elementor-element-populated\">\n\t\t\t\t\t\t<div class=\"elementor-element elementor-element-db315d2 elementor-widget elementor-widget-heading\" data-id=\"db315d2\" data-element_type=\"widget\" data-e-type=\"widget\" data-widget_type=\"heading.default\">\n\t\t\t\t\t<h2 class=\"elementor-heading-title elementor-size-default\">DESCARGAR\n\u00a1POKAW'APP !<\/h2>\t\t\t\t<\/div>\n\t\t\t\t<div class=\"elementor-element elementor-element-e0ef071 elementor-widget__width-initial elementor-widget elementor-widget-text-editor\" data-id=\"e0ef071\" data-element_type=\"widget\" data-e-type=\"widget\" data-widget_type=\"text-editor.default\">\n\t\t\t\t\t\t\t\t\tBenef\u00edciese del programa de recomendaci\u00f3n, de recompensas exclusivas y de mucho m\u00e1s.\t\t\t\t\t\t\t\t<\/div>\n\t\t\t\t<div class=\"elementor-element elementor-element-4d3a753 elementor-align-left elementor-mobile-align-center elementor-widget elementor-widget-button\" data-id=\"4d3a753\" data-element_type=\"widget\" data-e-type=\"widget\" data-widget_type=\"button.default\">\n\t\t\t\t\t\t\t\t\t\t<a class=\"elementor-button elementor-button-link elementor-size-sm elementor-animation-shrink\" href=\"\/es\/programme-de-fidelite\/\">\n\t\t\t\t\t\t<span class=\"elementor-button-content-wrapper\">\n\t\t\t\t\t\t\t\t\t<span class=\"elementor-button-text\">DESCARGAR LA APLICACI\u00d3N<\/span>\n\t\t\t\t\t<\/span>\n\t\t\t\t\t<\/a>\n\t\t\t\t\t\t\t\t<\/div>\n\t\t\t\t\t<\/div>\n\t\t<\/div>\n\t\t\t\t<div class=\"elementor-column elementor-col-50 elementor-top-column elementor-element elementor-element-e9406e9\" data-id=\"e9406e9\" data-element_type=\"column\" data-e-type=\"column\">\n\t\t\t<div class=\"elementor-widget-wrap elementor-element-populated\">\n\t\t\t\t\t\t<div class=\"elementor-element elementor-element-72b7b72 elementor-widget elementor-widget-image\" data-id=\"72b7b72\" data-element_type=\"widget\" data-e-type=\"widget\" data-widget_type=\"image.default\">\n\t\t\t\t\t\t\t\t\t\t\t\t\t\t\t<img decoding=\"async\" width=\"800\" height=\"800\" src=\"https:\/\/pokawa.com\/wp-content\/uploads\/2026\/01\/Rectangle-7446-1-1024x1024.webp\" class=\"attachment-large size-large wp-image-792\" alt=\"\" srcset=\"https:\/\/pokawa.com\/wp-content\/uploads\/2026\/01\/Rectangle-7446-1-1024x1024.webp 1024w, https:\/\/pokawa.com\/wp-content\/uploads\/2026\/01\/Rectangle-7446-1-300x300.webp 300w, https:\/\/pokawa.com\/wp-content\/uploads\/2026\/01\/Rectangle-7446-1-150x150.webp 150w, https:\/\/pokawa.com\/wp-content\/uploads\/2026\/01\/Rectangle-7446-1-768x768.webp 768w, https:\/\/pokawa.com\/wp-content\/uploads\/2026\/01\/Rectangle-7446-1-1536x1536.webp 1536w, https:\/\/pokawa.com\/wp-content\/uploads\/2026\/01\/Rectangle-7446-1.webp 1920w\" sizes=\"(max-width: 800px) 100vw, 800px\" \/>\t\t\t\t\t\t\t\t\t\t\t\t\t\t\t<\/div>\n\t\t\t\t\t<\/div>\n\t\t<\/div>\n\t\t\t\t\t<\/div>\n\t\t<\/section>\n\t\t\t\t<\/div>","protected":false},"excerpt":{"rendered":"<p>\u00a1APADRINA A TUS AMIGOS! OFERTA LIMITADA En Pokawa, el programa de recomendaci\u00f3n te permite compartir el placer y ser recompensado. Ahora mismo, aproveche nuestra oferta limitada: 7 \u20ac de descuento por cada 20 \u20ac que gaste en una recomendaci\u00f3n. Es una forma generosa de compartir nuestras recetas con amigos y familiares, y al mismo tiempo [...].<\/p>","protected":false},"author":1,"featured_media":0,"parent":0,"menu_order":0,"comment_status":"closed","ping_status":"closed","template":"elementor_header_footer","meta":{"footnotes":""},"class_list":["post-616","page","type-page","status-publish","hentry"],"yoast_head":"<!-- This site is optimized with the Yoast SEO plugin v26.9 - https:\/\/yoast.com\/product\/yoast-seo-wordpress\/ -->\n<title>Programme de parrainage - Pokawa<\/title>\n<meta name=\"robots\" content=\"index, follow, max-snippet:-1, max-image-preview:large, max-video-preview:-1\" \/>\n<link rel=\"canonical\" href=\"https:\/\/pokawa.com\/es\/programme-de-parrainage\/\" \/>\n<meta property=\"og:locale\" content=\"es_ES\" \/>\n<meta property=\"og:type\" content=\"article\" \/>\n<meta property=\"og:title\" content=\"Programme de parrainage - Pokawa\" \/>\n<meta property=\"og:description\" content=\"PARRAINE TES AMIS ! OFFRE LIMIT\u00c9 Chez Pokawa, le programme de parrainage vous permet de partager le plaisir tout en \u00e9tant r\u00e9compens\u00e9. En ce moment, profitez de notre offre limit\u00e9e : 7\u20ac de r\u00e9duction d\u00e8s 20\u20ac d\u2019achat \u00e0 chaque parrainage. Une fa\u00e7on g\u00e9n\u00e9reuse de faire profiter votre entourage de nos recettes, tout en se faisant [&hellip;]\" \/>\n<meta property=\"og:url\" content=\"https:\/\/pokawa.com\/es\/programme-de-parrainage\/\" \/>\n<meta property=\"og:site_name\" content=\"Pokawa\" \/>\n<meta property=\"article:modified_time\" content=\"2026-03-30T12:11:01+00:00\" \/>\n<meta property=\"og:image\" content=\"https:\/\/pokawa.com\/wp-content\/uploads\/2026\/02\/Capture-decran-2026-02-06-a-11.52.14.webp\" \/>\n\t<meta property=\"og:image:width\" content=\"1920\" \/>\n\t<meta property=\"og:image:height\" content=\"1078\" \/>\n\t<meta property=\"og:image:type\" content=\"image\/webp\" \/>\n<meta name=\"twitter:card\" content=\"summary_large_image\" \/>\n<meta name=\"twitter:label1\" content=\"Tiempo de lectura\" \/>\n\t<meta name=\"twitter:data1\" content=\"1 minuto\" \/>\n<script type=\"application\/ld+json\" class=\"yoast-schema-graph\">{\"@context\":\"https:\/\/schema.org\",\"@graph\":[{\"@type\":\"WebPage\",\"@id\":\"https:\/\/pokawa.com\/programme-de-parrainage\/\",\"url\":\"https:\/\/pokawa.com\/programme-de-parrainage\/\",\"name\":\"Programme de parrainage - Pokawa\",\"isPartOf\":{\"@id\":\"https:\/\/pokawa.com\/#website\"},\"primaryImageOfPage\":{\"@id\":\"https:\/\/pokawa.com\/programme-de-parrainage\/#primaryimage\"},\"image\":{\"@id\":\"https:\/\/pokawa.com\/programme-de-parrainage\/#primaryimage\"},\"thumbnailUrl\":\"https:\/\/pokawa.com\/wp-content\/uploads\/2026\/02\/Capture-decran-2026-02-06-a-11.52.14.webp\",\"datePublished\":\"2026-01-26T17:41:11+00:00\",\"dateModified\":\"2026-03-30T12:11:01+00:00\",\"breadcrumb\":{\"@id\":\"https:\/\/pokawa.com\/programme-de-parrainage\/#breadcrumb\"},\"inLanguage\":\"es\",\"potentialAction\":[{\"@type\":\"ReadAction\",\"target\":[\"https:\/\/pokawa.com\/programme-de-parrainage\/\"]}]},{\"@type\":\"ImageObject\",\"inLanguage\":\"es\",\"@id\":\"https:\/\/pokawa.com\/programme-de-parrainage\/#primaryimage\",\"url\":\"https:\/\/pokawa.com\/wp-content\/uploads\/2026\/02\/Capture-decran-2026-02-06-a-11.52.14.webp\",\"contentUrl\":\"https:\/\/pokawa.com\/wp-content\/uploads\/2026\/02\/Capture-decran-2026-02-06-a-11.52.14.webp\"},{\"@type\":\"BreadcrumbList\",\"@id\":\"https:\/\/pokawa.com\/programme-de-parrainage\/#breadcrumb\",\"itemListElement\":[{\"@type\":\"ListItem\",\"position\":1,\"name\":\"Accueil\",\"item\":\"https:\/\/pokawa.com\/\"},{\"@type\":\"ListItem\",\"position\":2,\"name\":\"Programme de parrainage\"}]},{\"@type\":\"WebSite\",\"@id\":\"https:\/\/pokawa.com\/#website\",\"url\":\"https:\/\/pokawa.com\/\",\"name\":\"Pokawa\",\"description\":\"Le Leader du Pok\u00e9 en Livraison ou \u00e0 Emporter\",\"publisher\":{\"@id\":\"https:\/\/pokawa.com\/#organization\"},\"potentialAction\":[{\"@type\":\"SearchAction\",\"target\":{\"@type\":\"EntryPoint\",\"urlTemplate\":\"https:\/\/pokawa.com\/?s={search_term_string}\"},\"query-input\":{\"@type\":\"PropertyValueSpecification\",\"valueRequired\":true,\"valueName\":\"search_term_string\"}}],\"inLanguage\":\"es\"},{\"@type\":\"Organization\",\"@id\":\"https:\/\/pokawa.com\/#organization\",\"name\":\"Pokawa\",\"url\":\"https:\/\/pokawa.com\/\",\"logo\":{\"@type\":\"ImageObject\",\"inLanguage\":\"es\",\"@id\":\"https:\/\/pokawa.com\/#\/schema\/logo\/image\/\",\"url\":\"https:\/\/pokawa.com\/wp-content\/uploads\/2026\/01\/LOGO.png\",\"contentUrl\":\"https:\/\/pokawa.com\/wp-content\/uploads\/2026\/01\/LOGO.png\",\"width\":536,\"height\":112,\"caption\":\"Pokawa\"},\"image\":{\"@id\":\"https:\/\/pokawa.com\/#\/schema\/logo\/image\/\"}}]}<\/script>\n<!-- \/ Yoast SEO plugin. -->","yoast_head_json":{"title":"Programa de patrocinio - Pokawa","robots":{"index":"index","follow":"follow","max-snippet":"max-snippet:-1","max-image-preview":"max-image-preview:large","max-video-preview":"max-video-preview:-1"},"canonical":"https:\/\/pokawa.com\/es\/programme-de-parrainage\/","og_locale":"es_ES","og_type":"article","og_title":"Programme de parrainage - Pokawa","og_description":"PARRAINE TES AMIS ! OFFRE LIMIT\u00c9 Chez Pokawa, le programme de parrainage vous permet de partager le plaisir tout en \u00e9tant r\u00e9compens\u00e9. En ce moment, profitez de notre offre limit\u00e9e : 7\u20ac de r\u00e9duction d\u00e8s 20\u20ac d\u2019achat \u00e0 chaque parrainage. Une fa\u00e7on g\u00e9n\u00e9reuse de faire profiter votre entourage de nos recettes, tout en se faisant [&hellip;]","og_url":"https:\/\/pokawa.com\/es\/programme-de-parrainage\/","og_site_name":"Pokawa","article_modified_time":"2026-03-30T12:11:01+00:00","og_image":[{"width":1920,"height":1078,"url":"https:\/\/pokawa.com\/wp-content\/uploads\/2026\/02\/Capture-decran-2026-02-06-a-11.52.14.webp","type":"image\/webp"}],"twitter_card":"summary_large_image","twitter_misc":{"Tiempo de lectura":"1 minuto"},"schema":{"@context":"https:\/\/schema.org","@graph":[{"@type":"WebPage","@id":"https:\/\/pokawa.com\/programme-de-parrainage\/","url":"https:\/\/pokawa.com\/programme-de-parrainage\/","name":"Programa de patrocinio - Pokawa","isPartOf":{"@id":"https:\/\/pokawa.com\/#website"},"primaryImageOfPage":{"@id":"https:\/\/pokawa.com\/programme-de-parrainage\/#primaryimage"},"image":{"@id":"https:\/\/pokawa.com\/programme-de-parrainage\/#primaryimage"},"thumbnailUrl":"https:\/\/pokawa.com\/wp-content\/uploads\/2026\/02\/Capture-decran-2026-02-06-a-11.52.14.webp","datePublished":"2026-01-26T17:41:11+00:00","dateModified":"2026-03-30T12:11:01+00:00","breadcrumb":{"@id":"https:\/\/pokawa.com\/programme-de-parrainage\/#breadcrumb"},"inLanguage":"es","potentialAction":[{"@type":"ReadAction","target":["https:\/\/pokawa.com\/programme-de-parrainage\/"]}]},{"@type":"ImageObject","inLanguage":"es","@id":"https:\/\/pokawa.com\/programme-de-parrainage\/#primaryimage","url":"https:\/\/pokawa.com\/wp-content\/uploads\/2026\/02\/Capture-decran-2026-02-06-a-11.52.14.webp","contentUrl":"https:\/\/pokawa.com\/wp-content\/uploads\/2026\/02\/Capture-decran-2026-02-06-a-11.52.14.webp"},{"@type":"BreadcrumbList","@id":"https:\/\/pokawa.com\/programme-de-parrainage\/#breadcrumb","itemListElement":[{"@type":"ListItem","position":1,"name":"Accueil","item":"https:\/\/pokawa.com\/"},{"@type":"ListItem","position":2,"name":"Programme de parrainage"}]},{"@type":"WebSite","@id":"https:\/\/pokawa.com\/#website","url":"https:\/\/pokawa.com\/","name":"Pokawa","description":"El l\u00edder en reparto de Pok\u00e9 y comida para llevar","publisher":{"@id":"https:\/\/pokawa.com\/#organization"},"potentialAction":[{"@type":"SearchAction","target":{"@type":"EntryPoint","urlTemplate":"https:\/\/pokawa.com\/?s={search_term_string}"},"query-input":{"@type":"PropertyValueSpecification","valueRequired":true,"valueName":"search_term_string"}}],"inLanguage":"es"},{"@type":"Organization","@id":"https:\/\/pokawa.com\/#organization","name":"Pokawa","url":"https:\/\/pokawa.com\/","logo":{"@type":"ImageObject","inLanguage":"es","@id":"https:\/\/pokawa.com\/#\/schema\/logo\/image\/","url":"https:\/\/pokawa.com\/wp-content\/uploads\/2026\/01\/LOGO.png","contentUrl":"https:\/\/pokawa.com\/wp-content\/uploads\/2026\/01\/LOGO.png","width":536,"height":112,"caption":"Pokawa"},"image":{"@id":"https:\/\/pokawa.com\/#\/schema\/logo\/image\/"}}]}},"_links":{"self":[{"href":"https:\/\/pokawa.com\/es\/wp-json\/wp\/v2\/pages\/616","targetHints":{"allow":["GET"]}}],"collection":[{"href":"https:\/\/pokawa.com\/es\/wp-json\/wp\/v2\/pages"}],"about":[{"href":"https:\/\/pokawa.com\/es\/wp-json\/wp\/v2\/types\/page"}],"author":[{"embeddable":true,"href":"https:\/\/pokawa.com\/es\/wp-json\/wp\/v2\/users\/1"}],"replies":[{"embeddable":true,"href":"https:\/\/pokawa.com\/es\/wp-json\/wp\/v2\/comments?post=616"}],"version-history":[{"count":59,"href":"https:\/\/pokawa.com\/es\/wp-json\/wp\/v2\/pages\/616\/revisions"}],"predecessor-version":[{"id":4204,"href":"https:\/\/pokawa.com\/es\/wp-json\/wp\/v2\/pages\/616\/revisions\/4204"}],"wp:attachment":[{"href":"https:\/\/pokawa.com\/es\/wp-json\/wp\/v2\/media?parent=616"}],"curies":[{"name":"wp","href":"https:\/\/api.w.org\/{rel}","templated":true}]}}