{"id":595,"date":"2026-01-26T16:55:00","date_gmt":"2026-01-26T16:55:00","guid":{"rendered":"https:\/\/pokawa.com\/?page_id=595"},"modified":"2026-02-10T16:54:22","modified_gmt":"2026-02-10T16:54:22","slug":"rapport-rse","status":"publish","type":"page","link":"https:\/\/pokawa.com\/es\/rapport-rse\/","title":{"rendered":"Informe RSE"},"content":{"rendered":"<div data-elementor-type=\"wp-page\" data-elementor-id=\"595\" class=\"elementor elementor-595\" data-elementor-post-type=\"page\">\n\t\t\t\t\t\t<section class=\"elementor-section elementor-top-section elementor-element elementor-element-16c05b7 elementor-section-height-min-height elementor-section-boxed elementor-section-height-default elementor-section-items-middle\" data-id=\"16c05b7\" data-element_type=\"section\" data-e-type=\"section\" data-settings=\"{&quot;background_background&quot;:&quot;classic&quot;}\">\n\t\t\t\t\t\t<div class=\"elementor-container elementor-column-gap-default\">\n\t\t\t\t\t<div class=\"elementor-column elementor-col-100 elementor-top-column elementor-element elementor-element-7b31d1a\" data-id=\"7b31d1a\" data-element_type=\"column\" data-e-type=\"column\">\n\t\t\t<div class=\"elementor-widget-wrap elementor-element-populated\">\n\t\t\t\t\t\t<div class=\"elementor-element elementor-element-1c0a527 elementor-widget__width-initial elementor-widget elementor-widget-heading\" data-id=\"1c0a527\" data-element_type=\"widget\" data-e-type=\"widget\" data-widget_type=\"heading.default\">\n\t\t\t\t\t<h2 class=\"elementor-heading-title elementor-size-default\">Informe RSE<\/h2>\t\t\t\t<\/div>\n\t\t\t\t\t<\/div>\n\t\t<\/div>\n\t\t\t\t\t<\/div>\n\t\t<\/section>\n\t\t\t\t<section class=\"elementor-section elementor-top-section elementor-element elementor-element-4b99893 elementor-section-boxed elementor-section-height-default elementor-section-height-default\" data-id=\"4b99893\" data-element_type=\"section\" data-e-type=\"section\">\n\t\t\t\t\t\t<div class=\"elementor-container elementor-column-gap-default\">\n\t\t\t\t\t<div class=\"elementor-column elementor-col-100 elementor-top-column elementor-element elementor-element-4227868\" data-id=\"4227868\" data-element_type=\"column\" data-e-type=\"column\">\n\t\t\t<div class=\"elementor-widget-wrap elementor-element-populated\">\n\t\t\t\t\t\t<div class=\"elementor-element elementor-element-6ccc59a elementor-widget elementor-widget-heading\" data-id=\"6ccc59a\" data-element_type=\"widget\" data-e-type=\"widget\" data-widget_type=\"heading.default\">\n\t\t\t\t\t<h2 class=\"elementor-heading-title elementor-size-default\">POR UN FUTURO SOSTENIBLE<\/h2>\t\t\t\t<\/div>\n\t\t\t\t<div class=\"elementor-element elementor-element-79ddef5 elementor-widget elementor-widget-text-editor\" data-id=\"79ddef5\" data-element_type=\"widget\" data-e-type=\"widget\" data-widget_type=\"text-editor.default\">\n\t\t\t\t\t\t\t\t\tEn Pokawa creemos firmemente que el \u00e9xito de una empresa no s\u00f3lo se mide en t\u00e9rminos financieros, sino tambi\u00e9n a trav\u00e9s del impacto que tenemos en nuestros empleados, nuestros clientes, nuestros socios y el planeta.\u00a0\t\t\t\t\t\t\t\t<\/div>\n\t\t\t\t\t<\/div>\n\t\t<\/div>\n\t\t\t\t\t<\/div>\n\t\t<\/section>\n\t\t\t\t<section class=\"elementor-section elementor-top-section elementor-element elementor-element-04608fb elementor-section-full_width elementor-section-height-default elementor-section-height-default\" data-id=\"04608fb\" data-element_type=\"section\" data-e-type=\"section\">\n\t\t\t\t\t\t<div class=\"elementor-container elementor-column-gap-default\">\n\t\t\t\t\t<div class=\"elementor-column elementor-col-100 elementor-top-column elementor-element elementor-element-a41955a\" data-id=\"a41955a\" data-element_type=\"column\" data-e-type=\"column\">\n\t\t\t<div class=\"elementor-widget-wrap elementor-element-populated\">\n\t\t\t\t\t\t<div class=\"elementor-element elementor-element-0632834 elementor-skin-carousel elementor-widget elementor-widget-media-carousel\" data-id=\"0632834\" data-element_type=\"widget\" data-e-type=\"widget\" data-settings=\"{&quot;slides_per_view_mobile&quot;:&quot;2&quot;,&quot;space_between&quot;:{&quot;unit&quot;:&quot;px&quot;,&quot;size&quot;:24,&quot;sizes&quot;:[]},&quot;skin&quot;:&quot;carousel&quot;,&quot;effect&quot;:&quot;slide&quot;,&quot;speed&quot;:500,&quot;space_between_tablet&quot;:{&quot;unit&quot;:&quot;px&quot;,&quot;size&quot;:10,&quot;sizes&quot;:[]},&quot;space_between_mobile&quot;:{&quot;unit&quot;:&quot;px&quot;,&quot;size&quot;:10,&quot;sizes&quot;:[]}}\" data-widget_type=\"media-carousel.default\">\n\t\t\t\t\t\t\t\t\t\t<div class=\"elementor-main-swiper swiper\" role=\"region\" aria-roledescription=\"carousel\" aria-label=\"Diapositivas\">\n\t\t\t\t<div class=\"swiper-wrapper\">\n\t\t\t\t\t\t\t\t\t\t\t<div class=\"swiper-slide\" role=\"group\" aria-roledescription=\"slide\">\n\t\t\t\t\t\t\t\t\t<div class=\"elementor-carousel-image\" role=\"img\" aria-label=\"Pokawa - Demasiado bueno para irse\" style=\"background-image: url(&#039;https:\/\/pokawa.com\/wp-content\/uploads\/2026\/02\/image-66.webp&#039;)\">\n\n\t\t\t\n\t\t\t\t\t<\/div>\n\t\t\t\t\t\t\t\t<\/div>\n\t\t\t\t\t\t\t\t\t\t\t<div class=\"swiper-slide\" role=\"group\" aria-roledescription=\"slide\">\n\t\t\t\t\t\t\t\t\t<div class=\"elementor-carousel-image\" role=\"img\" aria-label=\"Pokawa - Informe de RSE\" style=\"background-image: url(&#039;https:\/\/pokawa.com\/wp-content\/uploads\/2026\/02\/image-65.webp&#039;)\">\n\n\t\t\t\n\t\t\t\t\t<\/div>\n\t\t\t\t\t\t\t\t<\/div>\n\t\t\t\t\t\t\t\t\t\t\t<div class=\"swiper-slide\" role=\"group\" aria-roledescription=\"slide\">\n\t\t\t\t\t\t\t\t\t<div class=\"elementor-carousel-image\" role=\"img\" aria-label=\"Pokawa - Bini\" style=\"background-image: url(&#039;https:\/\/pokawa.com\/wp-content\/uploads\/2026\/02\/Rectangle-7346-1.webp&#039;)\">\n\n\t\t\t\n\t\t\t\t\t<\/div>\n\t\t\t\t\t\t\t\t<\/div>\n\t\t\t\t\t\t\t\t\t<\/div>\n\t\t\t\t\t\t\t\t\t\t\t\t\t\t\t\t\t\t\t\t\t<\/div>\n\t\t\t\t\t\t\t\t<\/div>\n\t\t\t\t\t<\/div>\n\t\t<\/div>\n\t\t\t\t\t<\/div>\n\t\t<\/section>\n\t\t\t\t<section class=\"elementor-section elementor-top-section elementor-element elementor-element-88b53d6 elementor-section-full_width elementor-section-height-default elementor-section-height-default\" data-id=\"88b53d6\" data-element_type=\"section\" data-e-type=\"section\">\n\t\t\t\t\t\t<div class=\"elementor-container elementor-column-gap-default\">\n\t\t\t\t\t<div class=\"elementor-column elementor-col-100 elementor-top-column elementor-element elementor-element-fb6cb55\" data-id=\"fb6cb55\" data-element_type=\"column\" data-e-type=\"column\" data-settings=\"{&quot;background_background&quot;:&quot;classic&quot;}\">\n\t\t\t<div class=\"elementor-widget-wrap elementor-element-populated\">\n\t\t\t\t\t\t<div class=\"elementor-element elementor-element-b805150 elementor-widget elementor-widget-heading\" data-id=\"b805150\" data-element_type=\"widget\" data-e-type=\"widget\" data-widget_type=\"heading.default\">\n\t\t\t\t\t<h2 class=\"elementor-heading-title elementor-size-default\">Un futuro mejor<\/h2>\t\t\t\t<\/div>\n\t\t\t\t<section class=\"elementor-section elementor-inner-section elementor-element elementor-element-9dd7a9f elementor-section-boxed elementor-section-height-default elementor-section-height-default\" data-id=\"9dd7a9f\" data-element_type=\"section\" data-e-type=\"section\">\n\t\t\t\t\t\t<div class=\"elementor-container elementor-column-gap-default\">\n\t\t\t\t\t<div class=\"elementor-column elementor-col-50 elementor-inner-column elementor-element elementor-element-c439a87\" data-id=\"c439a87\" data-element_type=\"column\" data-e-type=\"column\">\n\t\t\t<div class=\"elementor-widget-wrap elementor-element-populated\">\n\t\t\t\t\t\t<div class=\"elementor-element elementor-element-f46d3e4 elementor-position-top elementor-widget elementor-widget-image-box\" data-id=\"f46d3e4\" data-element_type=\"widget\" data-e-type=\"widget\" data-widget_type=\"image-box.default\">\n\t\t\t\t\t<div class=\"elementor-image-box-wrapper\"><figure class=\"elementor-image-box-img\"><img fetchpriority=\"high\" decoding=\"async\" width=\"818\" height=\"865\" src=\"https:\/\/pokawa.com\/wp-content\/uploads\/2026\/01\/Group-10168.webp\" class=\"attachment-full size-full wp-image-641\" alt=\"\" srcset=\"https:\/\/pokawa.com\/wp-content\/uploads\/2026\/01\/Group-10168.webp 818w, https:\/\/pokawa.com\/wp-content\/uploads\/2026\/01\/Group-10168-284x300.webp 284w, https:\/\/pokawa.com\/wp-content\/uploads\/2026\/01\/Group-10168-768x812.webp 768w\" sizes=\"(max-width: 818px) 100vw, 818px\" \/><\/figure><div class=\"elementor-image-box-content\"><h3 class=\"elementor-image-box-title\">Bart de Vreese<\/h3><p class=\"elementor-image-box-description\">Presidente de Pokawa\u00a0<\/p><\/div><\/div>\t\t\t\t<\/div>\n\t\t\t\t<div class=\"elementor-element elementor-element-8409ea7 elementor-widget elementor-widget-text-editor\" data-id=\"8409ea7\" data-element_type=\"widget\" data-e-type=\"widget\" data-widget_type=\"text-editor.default\">\n\t\t\t\t\t\t\t\t\t<p>\u00abEstamos reforzando nuestros compromisos sociales y estructurando nuestro enfoque de la RSE. Desde nuestros proveedores hasta nuestros equipos, todo el mundo en Pokawa emprende acciones concretas basadas en convicciones s\u00f3lidas y compartidas.\u00bb<\/p>\t\t\t\t\t\t\t\t<\/div>\n\t\t\t\t\t<\/div>\n\t\t<\/div>\n\t\t\t\t<div class=\"elementor-column elementor-col-50 elementor-inner-column elementor-element elementor-element-f4e81c3\" data-id=\"f4e81c3\" data-element_type=\"column\" data-e-type=\"column\">\n\t\t\t<div class=\"elementor-widget-wrap elementor-element-populated\">\n\t\t\t\t\t\t<div class=\"elementor-element elementor-element-94d22c6 elementor-position-top elementor-widget elementor-widget-image-box\" data-id=\"94d22c6\" data-element_type=\"widget\" data-e-type=\"widget\" data-widget_type=\"image-box.default\">\n\t\t\t\t\t<div class=\"elementor-image-box-wrapper\"><figure class=\"elementor-image-box-img\"><img decoding=\"async\" width=\"817\" height=\"868\" src=\"https:\/\/pokawa.com\/wp-content\/uploads\/2026\/01\/Group-10167.webp\" class=\"attachment-full size-full wp-image-642\" alt=\"\" srcset=\"https:\/\/pokawa.com\/wp-content\/uploads\/2026\/01\/Group-10167.webp 817w, https:\/\/pokawa.com\/wp-content\/uploads\/2026\/01\/Group-10167-282x300.webp 282w, https:\/\/pokawa.com\/wp-content\/uploads\/2026\/01\/Group-10167-768x816.webp 768w\" sizes=\"(max-width: 817px) 100vw, 817px\" \/><\/figure><div class=\"elementor-image-box-content\"><h3 class=\"elementor-image-box-title\">Thomas Le Breton<\/h3><p class=\"elementor-image-box-description\">Director de Compras y RSC de Pokawa\u00a0<\/p><\/div><\/div>\t\t\t\t<\/div>\n\t\t\t\t<div class=\"elementor-element elementor-element-481bf06 elementor-widget elementor-widget-text-editor\" data-id=\"481bf06\" data-element_type=\"widget\" data-e-type=\"widget\" data-widget_type=\"text-editor.default\">\n\t\t\t\t\t\t\t\t\t\u00abLa ambici\u00f3n de Pokawa es aportar valor a una comunidad m\u00e1s amplia de partes interesadas (empleados, proveedores, clientes, la sociedad en su conjunto) teniendo en cuenta al mismo tiempo el impacto en el medio ambiente local y mundial.\u00bb\u00a0\t\t\t\t\t\t\t\t<\/div>\n\t\t\t\t\t<\/div>\n\t\t<\/div>\n\t\t\t\t\t<\/div>\n\t\t<\/section>\n\t\t\t\t\t<\/div>\n\t\t<\/div>\n\t\t\t\t\t<\/div>\n\t\t<\/section>\n\t\t\t\t<section class=\"elementor-section elementor-top-section elementor-element elementor-element-727e07b elementor-section-boxed elementor-section-height-default elementor-section-height-default\" data-id=\"727e07b\" data-element_type=\"section\" data-e-type=\"section\">\n\t\t\t\t\t\t<div class=\"elementor-container elementor-column-gap-wider\">\n\t\t\t\t\t<div class=\"elementor-column elementor-col-100 elementor-top-column elementor-element elementor-element-b8ca4f6\" data-id=\"b8ca4f6\" data-element_type=\"column\" data-e-type=\"column\">\n\t\t\t<div class=\"elementor-widget-wrap elementor-element-populated\">\n\t\t\t\t\t\t<section class=\"elementor-section elementor-inner-section elementor-element elementor-element-c0d51fc elementor-section-full_width elementor-section-height-default elementor-section-height-default\" data-id=\"c0d51fc\" data-element_type=\"section\" data-e-type=\"section\">\n\t\t\t\t\t\t<div class=\"elementor-container elementor-column-gap-wider\">\n\t\t\t\t\t<div class=\"elementor-column elementor-col-50 elementor-inner-column elementor-element elementor-element-e52b208\" data-id=\"e52b208\" data-element_type=\"column\" data-e-type=\"column\">\n\t\t\t<div class=\"elementor-widget-wrap elementor-element-populated\">\n\t\t\t\t\t\t<div class=\"elementor-element elementor-element-d33f980 elementor-widget elementor-widget-image\" data-id=\"d33f980\" data-element_type=\"widget\" data-e-type=\"widget\" data-widget_type=\"image.default\">\n\t\t\t\t\t\t\t\t\t\t\t\t\t\t\t<img decoding=\"async\" width=\"1316\" height=\"1864\" src=\"https:\/\/pokawa.com\/wp-content\/uploads\/2026\/01\/Capture-decran-2026-01-14-a-14.57.07-1.webp\" class=\"attachment-full size-full wp-image-643\" alt=\"\" srcset=\"https:\/\/pokawa.com\/wp-content\/uploads\/2026\/01\/Capture-decran-2026-01-14-a-14.57.07-1.webp 1316w, https:\/\/pokawa.com\/wp-content\/uploads\/2026\/01\/Capture-decran-2026-01-14-a-14.57.07-1-212x300.webp 212w, https:\/\/pokawa.com\/wp-content\/uploads\/2026\/01\/Capture-decran-2026-01-14-a-14.57.07-1-723x1024.webp 723w, https:\/\/pokawa.com\/wp-content\/uploads\/2026\/01\/Capture-decran-2026-01-14-a-14.57.07-1-768x1088.webp 768w, https:\/\/pokawa.com\/wp-content\/uploads\/2026\/01\/Capture-decran-2026-01-14-a-14.57.07-1-1084x1536.webp 1084w\" sizes=\"(max-width: 1316px) 100vw, 1316px\" \/>\t\t\t\t\t\t\t\t\t\t\t\t\t\t\t<\/div>\n\t\t\t\t\t<\/div>\n\t\t<\/div>\n\t\t\t\t<div class=\"elementor-column elementor-col-50 elementor-inner-column elementor-element elementor-element-82b9be4\" data-id=\"82b9be4\" data-element_type=\"column\" data-e-type=\"column\">\n\t\t\t<div class=\"elementor-widget-wrap elementor-element-populated\">\n\t\t\t\t\t\t<div class=\"elementor-element elementor-element-b0a44f4 elementor-widget elementor-widget-heading\" data-id=\"b0a44f4\" data-element_type=\"widget\" data-e-type=\"widget\" data-widget_type=\"heading.default\">\n\t\t\t\t\t<h2 class=\"elementor-heading-title elementor-size-default\">Informe RSE 2024<\/h2>\t\t\t\t<\/div>\n\t\t\t\t<div class=\"elementor-element elementor-element-43c95d7 elementor-widget elementor-widget-text-editor\" data-id=\"43c95d7\" data-element_type=\"widget\" data-e-type=\"widget\" data-widget_type=\"text-editor.default\">\n\t\t\t\t\t\t\t\t\t<p>El informe de RSC* que encontrar\u00e1 a continuaci\u00f3n refleja nuestro compromiso con el desarrollo sostenible, la \u00e9tica, el bienestar en el trabajo y el respeto al medio ambiente. Presenta las acciones que hemos llevado a cabo a lo largo del a\u00f1o, as\u00ed como nuestros objetivos para los pr\u00f3ximos a\u00f1os.\u00a0<\/p>\t\t\t\t\t\t\t\t<\/div>\n\t\t\t\t<div class=\"elementor-element elementor-element-b173654 elementor-widget elementor-widget-text-editor\" data-id=\"b173654\" data-element_type=\"widget\" data-e-type=\"widget\" data-widget_type=\"text-editor.default\">\n\t\t\t\t\t\t\t\t\t<p><em>*Este Informe de RSE se basa en informaci\u00f3n de la direcci\u00f3n, su hoja de ruta y sus informes. Sirsa eval\u00faa la coherencia y veracidad de los datos y compromisos. Presenta los objetivos y logros para 2022-2023, as\u00ed como proyecciones para 2025 y 2030, lo que permite medir el rendimiento de la empresa.<\/em><\/p>\t\t\t\t\t\t\t\t<\/div>\n\t\t\t\t<div class=\"elementor-element elementor-element-a23172f elementor-align-left elementor-widget elementor-widget-button\" data-id=\"a23172f\" data-element_type=\"widget\" data-e-type=\"widget\" data-widget_type=\"button.default\">\n\t\t\t\t\t\t\t\t\t\t<a class=\"elementor-button elementor-button-link elementor-size-sm elementor-animation-shrink\" href=\"\/wp-content\/uploads\/2026\/02\/RAPPORT-RSE-WEB.pdf\" target=\"_blank\">\n\t\t\t\t\t\t<span class=\"elementor-button-content-wrapper\">\n\t\t\t\t\t\t\t\t\t<span class=\"elementor-button-text\">Consultar el informe de RSE<\/span>\n\t\t\t\t\t<\/span>\n\t\t\t\t\t<\/a>\n\t\t\t\t\t\t\t\t<\/div>\n\t\t\t\t\t<\/div>\n\t\t<\/div>\n\t\t\t\t\t<\/div>\n\t\t<\/section>\n\t\t\t\t\t<\/div>\n\t\t<\/div>\n\t\t\t\t\t<\/div>\n\t\t<\/section>\n\t\t\t\t<\/div>","protected":false},"excerpt":{"rendered":"<p>ACTUAR PARA UN FUTURO SOSTENIBLE En Pokawa, creemos firmemente que el \u00e9xito de una empresa se mide no s\u00f3lo en t\u00e9rminos financieros, sino tambi\u00e9n a trav\u00e9s del impacto que tenemos en nuestros empleados, nuestros clientes, nuestros socios y el planeta.  Un futuro mejor Bart de Vreese Presidente de Pokawa \u00abEstamos reforzando nuestros compromisos sociales y [...]<\/p>","protected":false},"author":1,"featured_media":0,"parent":0,"menu_order":0,"comment_status":"closed","ping_status":"closed","template":"elementor_header_footer","meta":{"footnotes":""},"class_list":["post-595","page","type-page","status-publish","hentry"],"yoast_head":"<!-- This site is optimized with the Yoast SEO plugin v26.9 - https:\/\/yoast.com\/product\/yoast-seo-wordpress\/ -->\n<title>Rapport RSE - Pokawa<\/title>\n<meta name=\"robots\" content=\"index, follow, max-snippet:-1, max-image-preview:large, max-video-preview:-1\" \/>\n<link rel=\"canonical\" href=\"https:\/\/pokawa.com\/es\/rapport-rse\/\" \/>\n<meta property=\"og:locale\" content=\"es_ES\" \/>\n<meta property=\"og:type\" content=\"article\" \/>\n<meta property=\"og:title\" content=\"Rapport RSE - Pokawa\" \/>\n<meta property=\"og:description\" content=\"AGIR POUR UN AVENIR DURABLE Chez\u00a0Pokawa, nous croyons fermement que la r\u00e9ussite d\u2019une entreprise ne se mesure pas uniquement en termes financiers, mais aussi \u00e0 travers l\u2019impact que nous avons sur nos collaborateurs, nos clients, nos partenaires, et la plan\u00e8te.\u00a0 Un avenir meilleur Bart de\u00a0Vreese Pr\u00e9sident\u00a0de\u00a0Pokawa\u00a0 \u00ab\u00a0Nous renfor\u00e7ons nos engagements sociaux et soci\u00e9taux et structurons [&hellip;]\" \/>\n<meta property=\"og:url\" content=\"https:\/\/pokawa.com\/es\/rapport-rse\/\" \/>\n<meta property=\"og:site_name\" content=\"Pokawa\" \/>\n<meta property=\"article:modified_time\" content=\"2026-02-10T16:54:22+00:00\" \/>\n<meta property=\"og:image\" content=\"https:\/\/pokawa.com\/wp-content\/uploads\/2026\/01\/Group-10168.webp\" \/>\n\t<meta property=\"og:image:width\" content=\"818\" \/>\n\t<meta property=\"og:image:height\" content=\"865\" \/>\n\t<meta property=\"og:image:type\" content=\"image\/webp\" \/>\n<meta name=\"twitter:card\" content=\"summary_large_image\" \/>\n<meta name=\"twitter:label1\" content=\"Tiempo de lectura\" \/>\n\t<meta name=\"twitter:data1\" content=\"1 minuto\" \/>\n<script type=\"application\/ld+json\" class=\"yoast-schema-graph\">{\"@context\":\"https:\/\/schema.org\",\"@graph\":[{\"@type\":\"WebPage\",\"@id\":\"https:\/\/pokawa.com\/rapport-rse\/\",\"url\":\"https:\/\/pokawa.com\/rapport-rse\/\",\"name\":\"Rapport RSE - Pokawa\",\"isPartOf\":{\"@id\":\"https:\/\/pokawa.com\/#website\"},\"primaryImageOfPage\":{\"@id\":\"https:\/\/pokawa.com\/rapport-rse\/#primaryimage\"},\"image\":{\"@id\":\"https:\/\/pokawa.com\/rapport-rse\/#primaryimage\"},\"thumbnailUrl\":\"https:\/\/pokawa.com\/wp-content\/uploads\/2026\/01\/Group-10168.webp\",\"datePublished\":\"2026-01-26T16:55:00+00:00\",\"dateModified\":\"2026-02-10T16:54:22+00:00\",\"breadcrumb\":{\"@id\":\"https:\/\/pokawa.com\/rapport-rse\/#breadcrumb\"},\"inLanguage\":\"es\",\"potentialAction\":[{\"@type\":\"ReadAction\",\"target\":[\"https:\/\/pokawa.com\/rapport-rse\/\"]}]},{\"@type\":\"ImageObject\",\"inLanguage\":\"es\",\"@id\":\"https:\/\/pokawa.com\/rapport-rse\/#primaryimage\",\"url\":\"https:\/\/pokawa.com\/wp-content\/uploads\/2026\/01\/Group-10168.webp\",\"contentUrl\":\"https:\/\/pokawa.com\/wp-content\/uploads\/2026\/01\/Group-10168.webp\"},{\"@type\":\"BreadcrumbList\",\"@id\":\"https:\/\/pokawa.com\/rapport-rse\/#breadcrumb\",\"itemListElement\":[{\"@type\":\"ListItem\",\"position\":1,\"name\":\"Accueil\",\"item\":\"https:\/\/pokawa.com\/\"},{\"@type\":\"ListItem\",\"position\":2,\"name\":\"Rapport RSE\"}]},{\"@type\":\"WebSite\",\"@id\":\"https:\/\/pokawa.com\/#website\",\"url\":\"https:\/\/pokawa.com\/\",\"name\":\"Pokawa\",\"description\":\"Le Leader du Pok\u00e9 en Livraison ou \u00e0 Emporter\",\"publisher\":{\"@id\":\"https:\/\/pokawa.com\/#organization\"},\"potentialAction\":[{\"@type\":\"SearchAction\",\"target\":{\"@type\":\"EntryPoint\",\"urlTemplate\":\"https:\/\/pokawa.com\/?s={search_term_string}\"},\"query-input\":{\"@type\":\"PropertyValueSpecification\",\"valueRequired\":true,\"valueName\":\"search_term_string\"}}],\"inLanguage\":\"es\"},{\"@type\":\"Organization\",\"@id\":\"https:\/\/pokawa.com\/#organization\",\"name\":\"Pokawa\",\"url\":\"https:\/\/pokawa.com\/\",\"logo\":{\"@type\":\"ImageObject\",\"inLanguage\":\"es\",\"@id\":\"https:\/\/pokawa.com\/#\/schema\/logo\/image\/\",\"url\":\"https:\/\/pokawa.com\/wp-content\/uploads\/2026\/01\/LOGO.png\",\"contentUrl\":\"https:\/\/pokawa.com\/wp-content\/uploads\/2026\/01\/LOGO.png\",\"width\":536,\"height\":112,\"caption\":\"Pokawa\"},\"image\":{\"@id\":\"https:\/\/pokawa.com\/#\/schema\/logo\/image\/\"}}]}<\/script>\n<!-- \/ Yoast SEO plugin. -->","yoast_head_json":{"title":"Informe RSE - Pokawa","robots":{"index":"index","follow":"follow","max-snippet":"max-snippet:-1","max-image-preview":"max-image-preview:large","max-video-preview":"max-video-preview:-1"},"canonical":"https:\/\/pokawa.com\/es\/rapport-rse\/","og_locale":"es_ES","og_type":"article","og_title":"Rapport RSE - Pokawa","og_description":"AGIR POUR UN AVENIR DURABLE Chez\u00a0Pokawa, nous croyons fermement que la r\u00e9ussite d\u2019une entreprise ne se mesure pas uniquement en termes financiers, mais aussi \u00e0 travers l\u2019impact que nous avons sur nos collaborateurs, nos clients, nos partenaires, et la plan\u00e8te.\u00a0 Un avenir meilleur Bart de\u00a0Vreese Pr\u00e9sident\u00a0de\u00a0Pokawa\u00a0 \u00ab\u00a0Nous renfor\u00e7ons nos engagements sociaux et soci\u00e9taux et structurons [&hellip;]","og_url":"https:\/\/pokawa.com\/es\/rapport-rse\/","og_site_name":"Pokawa","article_modified_time":"2026-02-10T16:54:22+00:00","og_image":[{"width":818,"height":865,"url":"https:\/\/pokawa.com\/wp-content\/uploads\/2026\/01\/Group-10168.webp","type":"image\/webp"}],"twitter_card":"summary_large_image","twitter_misc":{"Tiempo de lectura":"1 minuto"},"schema":{"@context":"https:\/\/schema.org","@graph":[{"@type":"WebPage","@id":"https:\/\/pokawa.com\/rapport-rse\/","url":"https:\/\/pokawa.com\/rapport-rse\/","name":"Informe RSE - Pokawa","isPartOf":{"@id":"https:\/\/pokawa.com\/#website"},"primaryImageOfPage":{"@id":"https:\/\/pokawa.com\/rapport-rse\/#primaryimage"},"image":{"@id":"https:\/\/pokawa.com\/rapport-rse\/#primaryimage"},"thumbnailUrl":"https:\/\/pokawa.com\/wp-content\/uploads\/2026\/01\/Group-10168.webp","datePublished":"2026-01-26T16:55:00+00:00","dateModified":"2026-02-10T16:54:22+00:00","breadcrumb":{"@id":"https:\/\/pokawa.com\/rapport-rse\/#breadcrumb"},"inLanguage":"es","potentialAction":[{"@type":"ReadAction","target":["https:\/\/pokawa.com\/rapport-rse\/"]}]},{"@type":"ImageObject","inLanguage":"es","@id":"https:\/\/pokawa.com\/rapport-rse\/#primaryimage","url":"https:\/\/pokawa.com\/wp-content\/uploads\/2026\/01\/Group-10168.webp","contentUrl":"https:\/\/pokawa.com\/wp-content\/uploads\/2026\/01\/Group-10168.webp"},{"@type":"BreadcrumbList","@id":"https:\/\/pokawa.com\/rapport-rse\/#breadcrumb","itemListElement":[{"@type":"ListItem","position":1,"name":"Accueil","item":"https:\/\/pokawa.com\/"},{"@type":"ListItem","position":2,"name":"Rapport RSE"}]},{"@type":"WebSite","@id":"https:\/\/pokawa.com\/#website","url":"https:\/\/pokawa.com\/","name":"Pokawa","description":"El l\u00edder en reparto de Pok\u00e9 y comida para llevar","publisher":{"@id":"https:\/\/pokawa.com\/#organization"},"potentialAction":[{"@type":"SearchAction","target":{"@type":"EntryPoint","urlTemplate":"https:\/\/pokawa.com\/?s={search_term_string}"},"query-input":{"@type":"PropertyValueSpecification","valueRequired":true,"valueName":"search_term_string"}}],"inLanguage":"es"},{"@type":"Organization","@id":"https:\/\/pokawa.com\/#organization","name":"Pokawa","url":"https:\/\/pokawa.com\/","logo":{"@type":"ImageObject","inLanguage":"es","@id":"https:\/\/pokawa.com\/#\/schema\/logo\/image\/","url":"https:\/\/pokawa.com\/wp-content\/uploads\/2026\/01\/LOGO.png","contentUrl":"https:\/\/pokawa.com\/wp-content\/uploads\/2026\/01\/LOGO.png","width":536,"height":112,"caption":"Pokawa"},"image":{"@id":"https:\/\/pokawa.com\/#\/schema\/logo\/image\/"}}]}},"_links":{"self":[{"href":"https:\/\/pokawa.com\/es\/wp-json\/wp\/v2\/pages\/595","targetHints":{"allow":["GET"]}}],"collection":[{"href":"https:\/\/pokawa.com\/es\/wp-json\/wp\/v2\/pages"}],"about":[{"href":"https:\/\/pokawa.com\/es\/wp-json\/wp\/v2\/types\/page"}],"author":[{"embeddable":true,"href":"https:\/\/pokawa.com\/es\/wp-json\/wp\/v2\/users\/1"}],"replies":[{"embeddable":true,"href":"https:\/\/pokawa.com\/es\/wp-json\/wp\/v2\/comments?post=595"}],"version-history":[{"count":93,"href":"https:\/\/pokawa.com\/es\/wp-json\/wp\/v2\/pages\/595\/revisions"}],"predecessor-version":[{"id":3412,"href":"https:\/\/pokawa.com\/es\/wp-json\/wp\/v2\/pages\/595\/revisions\/3412"}],"wp:attachment":[{"href":"https:\/\/pokawa.com\/es\/wp-json\/wp\/v2\/media?parent=595"}],"curies":[{"name":"wp","href":"https:\/\/api.w.org\/{rel}","templated":true}]}}