{"id":577,"date":"2026-01-26T16:33:22","date_gmt":"2026-01-26T16:33:22","guid":{"rendered":"https:\/\/pokawa.com\/?page_id=577"},"modified":"2026-02-26T13:55:02","modified_gmt":"2026-02-26T13:55:02","slug":"nos-equipes","status":"publish","type":"page","link":"https:\/\/pokawa.com\/es\/nos-equipes\/","title":{"rendered":"Nuestros equipos"},"content":{"rendered":"<div data-elementor-type=\"wp-page\" data-elementor-id=\"577\" class=\"elementor elementor-577\" data-elementor-post-type=\"page\">\n\t\t\t\t\t\t<section class=\"elementor-section elementor-top-section elementor-element elementor-element-16c05b7 elementor-section-boxed elementor-section-height-default elementor-section-height-default\" data-id=\"16c05b7\" data-element_type=\"section\" data-e-type=\"section\" data-settings=\"{&quot;background_background&quot;:&quot;classic&quot;}\">\n\t\t\t\t\t\t<div class=\"elementor-container elementor-column-gap-default\">\n\t\t\t\t\t<div class=\"elementor-column elementor-col-100 elementor-top-column elementor-element elementor-element-7b31d1a\" data-id=\"7b31d1a\" data-element_type=\"column\" data-e-type=\"column\">\n\t\t\t<div class=\"elementor-widget-wrap elementor-element-populated\">\n\t\t\t\t\t\t<div class=\"elementor-element elementor-element-1c0a527 elementor-widget__width-initial elementor-widget elementor-widget-heading\" data-id=\"1c0a527\" data-element_type=\"widget\" data-e-type=\"widget\" data-widget_type=\"heading.default\">\n\t\t\t\t\t<h2 class=\"elementor-heading-title elementor-size-default\">Nuestros equipos<\/h2>\t\t\t\t<\/div>\n\t\t\t\t\t<\/div>\n\t\t<\/div>\n\t\t\t\t\t<\/div>\n\t\t<\/section>\n\t\t\t\t<section class=\"elementor-section elementor-top-section elementor-element elementor-element-6a11899 elementor-section-boxed elementor-section-height-default elementor-section-height-default\" data-id=\"6a11899\" data-element_type=\"section\" data-e-type=\"section\">\n\t\t\t\t\t\t<div class=\"elementor-container elementor-column-gap-default\">\n\t\t\t\t\t<div class=\"elementor-column elementor-col-100 elementor-top-column elementor-element elementor-element-e539c7e\" data-id=\"e539c7e\" data-element_type=\"column\" data-e-type=\"column\">\n\t\t\t<div class=\"elementor-widget-wrap elementor-element-populated\">\n\t\t\t\t\t\t<div class=\"elementor-element elementor-element-a5761d1 elementor-widget__width-initial elementor-widget elementor-widget-heading\" data-id=\"a5761d1\" data-element_type=\"widget\" data-e-type=\"widget\" data-widget_type=\"heading.default\">\n\t\t\t\t\t<h2 class=\"elementor-heading-title elementor-size-default\">EN EL CENTRO DE NUESTRO COMPROMISO<\/h2>\t\t\t\t<\/div>\n\t\t\t\t<div class=\"elementor-element elementor-element-3f66c1e elementor-widget elementor-widget-spacer\" data-id=\"3f66c1e\" data-element_type=\"widget\" data-e-type=\"widget\" data-widget_type=\"spacer.default\">\n\t\t\t\t\t\t\t<div class=\"elementor-spacer\">\n\t\t\t<div class=\"elementor-spacer-inner\"><\/div>\n\t\t<\/div>\n\t\t\t\t\t\t<\/div>\n\t\t\t\t<div class=\"elementor-element elementor-element-0f37115 elementor-widget__width-initial elementor-widget elementor-widget-text-editor\" data-id=\"0f37115\" data-element_type=\"widget\" data-e-type=\"widget\" data-widget_type=\"text-editor.default\">\n\t\t\t\t\t\t\t\t\t<p>Cada d\u00eda, nuestros equipos dan vida a nuestros valores, impulsando nuestros proyectos y encarnando nuestra ambici\u00f3n de ser una empresa responsable y comprometida.<\/p><p>Como parte de nuestro enfoque de Responsabilidad Social Corporativa (RSC), hacemos especial hincapi\u00e9 en el bienestar, la diversidad, la inclusi\u00f3n y el desarrollo profesional de nuestros empleados.<\/p>\t\t\t\t\t\t\t\t<\/div>\n\t\t\t\t<section class=\"elementor-section elementor-inner-section elementor-element elementor-element-6ab5ca4 elementor-section-full_width elementor-section-height-default elementor-section-height-default\" data-id=\"6ab5ca4\" data-element_type=\"section\" data-e-type=\"section\">\n\t\t\t\t\t\t<div class=\"elementor-container elementor-column-gap-default\">\n\t\t\t\t\t<div class=\"elementor-column elementor-col-50 elementor-inner-column elementor-element elementor-element-f9cec0c\" data-id=\"f9cec0c\" data-element_type=\"column\" data-e-type=\"column\">\n\t\t\t<div class=\"elementor-widget-wrap elementor-element-populated\">\n\t\t\t\t\t\t<div class=\"elementor-element elementor-element-d955740 elementor-widget elementor-widget-image\" data-id=\"d955740\" data-element_type=\"widget\" data-e-type=\"widget\" data-widget_type=\"image.default\">\n\t\t\t\t\t\t\t\t\t\t\t\t\t\t\t<img fetchpriority=\"high\" decoding=\"async\" width=\"800\" height=\"534\" src=\"https:\/\/pokawa.com\/wp-content\/uploads\/2026\/02\/POKAWA_RH_2026_\u00a9_MARY_DEVINAT_148-1024x683.webp\" class=\"attachment-large size-large wp-image-3487\" alt=\"\" srcset=\"https:\/\/pokawa.com\/wp-content\/uploads\/2026\/02\/POKAWA_RH_2026_\u00a9_MARY_DEVINAT_148-1024x683.webp 1024w, https:\/\/pokawa.com\/wp-content\/uploads\/2026\/02\/POKAWA_RH_2026_\u00a9_MARY_DEVINAT_148-300x200.webp 300w, https:\/\/pokawa.com\/wp-content\/uploads\/2026\/02\/POKAWA_RH_2026_\u00a9_MARY_DEVINAT_148-768x512.webp 768w, https:\/\/pokawa.com\/wp-content\/uploads\/2026\/02\/POKAWA_RH_2026_\u00a9_MARY_DEVINAT_148-1536x1025.webp 1536w, https:\/\/pokawa.com\/wp-content\/uploads\/2026\/02\/POKAWA_RH_2026_\u00a9_MARY_DEVINAT_148-18x12.webp 18w, https:\/\/pokawa.com\/wp-content\/uploads\/2026\/02\/POKAWA_RH_2026_\u00a9_MARY_DEVINAT_148.webp 1800w\" sizes=\"(max-width: 800px) 100vw, 800px\" \/>\t\t\t\t\t\t\t\t\t\t\t\t\t\t\t<\/div>\n\t\t\t\t<div class=\"elementor-element elementor-element-c7222c3 elementor-widget elementor-widget-heading\" data-id=\"c7222c3\" data-element_type=\"widget\" data-e-type=\"widget\" data-widget_type=\"heading.default\">\n\t\t\t\t\t<h2 class=\"elementor-heading-title elementor-size-default\">IGUALDAD ENTRE HOMBRES Y MUJERES<\/h2>\t\t\t\t<\/div>\n\t\t\t\t<div class=\"elementor-element elementor-element-e1e6c72 elementor-widget elementor-widget-text-editor\" data-id=\"e1e6c72\" data-element_type=\"widget\" data-e-type=\"widget\" data-widget_type=\"text-editor.default\">\n\t\t\t\t\t\t\t\t\tPokawa se compromete con la igualdad de g\u00e9nero ofreciendo las mismas oportunidades a todos, fomentando un entorno inclusivo y respetuoso.\t\t\t\t\t\t\t\t<\/div>\n\t\t\t\t\t<\/div>\n\t\t<\/div>\n\t\t\t\t<div class=\"elementor-column elementor-col-50 elementor-inner-column elementor-element elementor-element-bbf9237\" data-id=\"bbf9237\" data-element_type=\"column\" data-e-type=\"column\">\n\t\t\t<div class=\"elementor-widget-wrap elementor-element-populated\">\n\t\t\t\t\t\t<div class=\"elementor-element elementor-element-e335e9a elementor-widget elementor-widget-image\" data-id=\"e335e9a\" data-element_type=\"widget\" data-e-type=\"widget\" data-widget_type=\"image.default\">\n\t\t\t\t\t\t\t\t\t\t\t\t\t\t\t<img decoding=\"async\" width=\"800\" height=\"534\" src=\"https:\/\/pokawa.com\/wp-content\/uploads\/2026\/02\/POKAWA_RH_2026_\u00a9_MARY_DEVINAT_164-1024x683.webp\" class=\"attachment-large size-large wp-image-3490\" alt=\"\" srcset=\"https:\/\/pokawa.com\/wp-content\/uploads\/2026\/02\/POKAWA_RH_2026_\u00a9_MARY_DEVINAT_164-1024x683.webp 1024w, https:\/\/pokawa.com\/wp-content\/uploads\/2026\/02\/POKAWA_RH_2026_\u00a9_MARY_DEVINAT_164-300x200.webp 300w, https:\/\/pokawa.com\/wp-content\/uploads\/2026\/02\/POKAWA_RH_2026_\u00a9_MARY_DEVINAT_164-768x512.webp 768w, https:\/\/pokawa.com\/wp-content\/uploads\/2026\/02\/POKAWA_RH_2026_\u00a9_MARY_DEVINAT_164-1536x1024.webp 1536w, https:\/\/pokawa.com\/wp-content\/uploads\/2026\/02\/POKAWA_RH_2026_\u00a9_MARY_DEVINAT_164-18x12.webp 18w, https:\/\/pokawa.com\/wp-content\/uploads\/2026\/02\/POKAWA_RH_2026_\u00a9_MARY_DEVINAT_164.webp 1800w\" sizes=\"(max-width: 800px) 100vw, 800px\" \/>\t\t\t\t\t\t\t\t\t\t\t\t\t\t\t<\/div>\n\t\t\t\t<div class=\"elementor-element elementor-element-e209c77 elementor-widget elementor-widget-heading\" data-id=\"e209c77\" data-element_type=\"widget\" data-e-type=\"widget\" data-widget_type=\"heading.default\">\n\t\t\t\t\t<h2 class=\"elementor-heading-title elementor-size-default\">IGUALDAD DE OPORTUNIDADES<\/h2>\t\t\t\t<\/div>\n\t\t\t\t<div class=\"elementor-element elementor-element-b1a6076 elementor-widget elementor-widget-text-editor\" data-id=\"b1a6076\" data-element_type=\"widget\" data-e-type=\"widget\" data-widget_type=\"text-editor.default\">\n\t\t\t\t\t\t\t\t\tGarantizamos la igualdad de oportunidades ofreciendo a cada empleado un acceso justo a la formaci\u00f3n, el desarrollo profesional y la oportunidad de desarrollar su potencial.\t\t\t\t\t\t\t\t<\/div>\n\t\t\t\t\t<\/div>\n\t\t<\/div>\n\t\t\t\t\t<\/div>\n\t\t<\/section>\n\t\t\t\t<section class=\"elementor-section elementor-inner-section elementor-element elementor-element-c636d97 elementor-section-full_width elementor-section-height-default elementor-section-height-default\" data-id=\"c636d97\" data-element_type=\"section\" data-e-type=\"section\">\n\t\t\t\t\t\t<div class=\"elementor-container elementor-column-gap-default\">\n\t\t\t\t\t<div class=\"elementor-column elementor-col-50 elementor-inner-column elementor-element elementor-element-33d0f58\" data-id=\"33d0f58\" data-element_type=\"column\" data-e-type=\"column\">\n\t\t\t<div class=\"elementor-widget-wrap elementor-element-populated\">\n\t\t\t\t\t\t<div class=\"elementor-element elementor-element-f538900 elementor-widget elementor-widget-image\" data-id=\"f538900\" data-element_type=\"widget\" data-e-type=\"widget\" data-widget_type=\"image.default\">\n\t\t\t\t\t\t\t\t\t\t\t\t\t\t\t<img decoding=\"async\" width=\"800\" height=\"534\" src=\"https:\/\/pokawa.com\/wp-content\/uploads\/2026\/02\/POKAWA_RH_2026_\u00a9_MARY_DEVINAT_231-1024x683.webp\" class=\"attachment-large size-large wp-image-3492\" alt=\"\" srcset=\"https:\/\/pokawa.com\/wp-content\/uploads\/2026\/02\/POKAWA_RH_2026_\u00a9_MARY_DEVINAT_231-1024x683.webp 1024w, https:\/\/pokawa.com\/wp-content\/uploads\/2026\/02\/POKAWA_RH_2026_\u00a9_MARY_DEVINAT_231-300x200.webp 300w, https:\/\/pokawa.com\/wp-content\/uploads\/2026\/02\/POKAWA_RH_2026_\u00a9_MARY_DEVINAT_231-768x512.webp 768w, https:\/\/pokawa.com\/wp-content\/uploads\/2026\/02\/POKAWA_RH_2026_\u00a9_MARY_DEVINAT_231-1536x1025.webp 1536w, https:\/\/pokawa.com\/wp-content\/uploads\/2026\/02\/POKAWA_RH_2026_\u00a9_MARY_DEVINAT_231-18x12.webp 18w, https:\/\/pokawa.com\/wp-content\/uploads\/2026\/02\/POKAWA_RH_2026_\u00a9_MARY_DEVINAT_231.webp 1800w\" sizes=\"(max-width: 800px) 100vw, 800px\" \/>\t\t\t\t\t\t\t\t\t\t\t\t\t\t\t<\/div>\n\t\t\t\t<div class=\"elementor-element elementor-element-daab2e3 elementor-widget elementor-widget-heading\" data-id=\"daab2e3\" data-element_type=\"widget\" data-e-type=\"widget\" data-widget_type=\"heading.default\">\n\t\t\t\t\t<h2 class=\"elementor-heading-title elementor-size-default\">DESARROLLO DE COMPETENCIAS<\/h2>\t\t\t\t<\/div>\n\t\t\t\t<div class=\"elementor-element elementor-element-990ed36 elementor-widget elementor-widget-text-editor\" data-id=\"990ed36\" data-element_type=\"widget\" data-e-type=\"widget\" data-widget_type=\"text-editor.default\">\n\t\t\t\t\t\t\t\t\t<p>Pokawa apoya el desarrollo de sus empleados mediante formaci\u00f3n peri\u00f3dica y apoyo personalizado para que puedan progresar dentro de la empresa.\u00a0<\/p>\t\t\t\t\t\t\t\t<\/div>\n\t\t\t\t\t<\/div>\n\t\t<\/div>\n\t\t\t\t<div class=\"elementor-column elementor-col-50 elementor-inner-column elementor-element elementor-element-70c3a65\" data-id=\"70c3a65\" data-element_type=\"column\" data-e-type=\"column\">\n\t\t\t<div class=\"elementor-widget-wrap elementor-element-populated\">\n\t\t\t\t\t\t<div class=\"elementor-element elementor-element-8143bb1 elementor-widget elementor-widget-image\" data-id=\"8143bb1\" data-element_type=\"widget\" data-e-type=\"widget\" data-widget_type=\"image.default\">\n\t\t\t\t\t\t\t\t\t\t\t\t\t\t\t<img loading=\"lazy\" decoding=\"async\" width=\"800\" height=\"534\" src=\"https:\/\/pokawa.com\/wp-content\/uploads\/2026\/02\/POKAWA_LIFESTYLE_BUREAU_2025_\u00a9MARY_DEVINAT_6-1024x683.webp\" class=\"attachment-large size-large wp-image-3849\" alt=\"\" srcset=\"https:\/\/pokawa.com\/wp-content\/uploads\/2026\/02\/POKAWA_LIFESTYLE_BUREAU_2025_\u00a9MARY_DEVINAT_6-1024x683.webp 1024w, https:\/\/pokawa.com\/wp-content\/uploads\/2026\/02\/POKAWA_LIFESTYLE_BUREAU_2025_\u00a9MARY_DEVINAT_6-300x200.webp 300w, https:\/\/pokawa.com\/wp-content\/uploads\/2026\/02\/POKAWA_LIFESTYLE_BUREAU_2025_\u00a9MARY_DEVINAT_6-768x512.webp 768w, https:\/\/pokawa.com\/wp-content\/uploads\/2026\/02\/POKAWA_LIFESTYLE_BUREAU_2025_\u00a9MARY_DEVINAT_6-1536x1025.webp 1536w, https:\/\/pokawa.com\/wp-content\/uploads\/2026\/02\/POKAWA_LIFESTYLE_BUREAU_2025_\u00a9MARY_DEVINAT_6-18x12.webp 18w, https:\/\/pokawa.com\/wp-content\/uploads\/2026\/02\/POKAWA_LIFESTYLE_BUREAU_2025_\u00a9MARY_DEVINAT_6.webp 1800w\" sizes=\"(max-width: 800px) 100vw, 800px\" \/>\t\t\t\t\t\t\t\t\t\t\t\t\t\t\t<\/div>\n\t\t\t\t<div class=\"elementor-element elementor-element-e39cc05 elementor-widget elementor-widget-heading\" data-id=\"e39cc05\" data-element_type=\"widget\" data-e-type=\"widget\" data-widget_type=\"heading.default\">\n\t\t\t\t\t<h2 class=\"elementor-heading-title elementor-size-default\">Conciliaci\u00f3n de la vida laboral y familiar<\/h2>\t\t\t\t<\/div>\n\t\t\t\t<div class=\"elementor-element elementor-element-b9a120d elementor-widget elementor-widget-text-editor\" data-id=\"b9a120d\" data-element_type=\"widget\" data-e-type=\"widget\" data-widget_type=\"text-editor.default\">\n\t\t\t\t\t\t\t\t\t<p>Fomentamos la conciliaci\u00f3n de la vida laboral y familiar mediante horarios flexibles y teletrabajo, para ayudar a las personas a organizar su vida y sus desplazamientos de forma m\u00e1s eficaz.<\/p>\t\t\t\t\t\t\t\t<\/div>\n\t\t\t\t\t<\/div>\n\t\t<\/div>\n\t\t\t\t\t<\/div>\n\t\t<\/section>\n\t\t\t\t<section class=\"elementor-section elementor-inner-section elementor-element elementor-element-306571d elementor-section-full_width elementor-section-height-default elementor-section-height-default\" data-id=\"306571d\" data-element_type=\"section\" data-e-type=\"section\">\n\t\t\t\t\t\t<div class=\"elementor-container elementor-column-gap-default\">\n\t\t\t\t\t<div class=\"elementor-column elementor-col-50 elementor-inner-column elementor-element elementor-element-9f89ba9\" data-id=\"9f89ba9\" data-element_type=\"column\" data-e-type=\"column\">\n\t\t\t<div class=\"elementor-widget-wrap elementor-element-populated\">\n\t\t\t\t\t\t<div class=\"elementor-element elementor-element-b1b6fc3 elementor-widget elementor-widget-image\" data-id=\"b1b6fc3\" data-element_type=\"widget\" data-e-type=\"widget\" data-widget_type=\"image.default\">\n\t\t\t\t\t\t\t\t\t\t\t\t\t\t\t<img loading=\"lazy\" decoding=\"async\" width=\"800\" height=\"534\" src=\"https:\/\/pokawa.com\/wp-content\/uploads\/2026\/02\/POKAWA_RH_2026_\u00a9_MARY_DEVINAT_132-1024x683.webp\" class=\"attachment-large size-large wp-image-3489\" alt=\"\" srcset=\"https:\/\/pokawa.com\/wp-content\/uploads\/2026\/02\/POKAWA_RH_2026_\u00a9_MARY_DEVINAT_132-1024x683.webp 1024w, https:\/\/pokawa.com\/wp-content\/uploads\/2026\/02\/POKAWA_RH_2026_\u00a9_MARY_DEVINAT_132-300x200.webp 300w, https:\/\/pokawa.com\/wp-content\/uploads\/2026\/02\/POKAWA_RH_2026_\u00a9_MARY_DEVINAT_132-768x512.webp 768w, https:\/\/pokawa.com\/wp-content\/uploads\/2026\/02\/POKAWA_RH_2026_\u00a9_MARY_DEVINAT_132-1536x1025.webp 1536w, https:\/\/pokawa.com\/wp-content\/uploads\/2026\/02\/POKAWA_RH_2026_\u00a9_MARY_DEVINAT_132-18x12.webp 18w, https:\/\/pokawa.com\/wp-content\/uploads\/2026\/02\/POKAWA_RH_2026_\u00a9_MARY_DEVINAT_132.webp 1800w\" sizes=\"(max-width: 800px) 100vw, 800px\" \/>\t\t\t\t\t\t\t\t\t\t\t\t\t\t\t<\/div>\n\t\t\t\t<div class=\"elementor-element elementor-element-e979df8 elementor-widget elementor-widget-heading\" data-id=\"e979df8\" data-element_type=\"widget\" data-e-type=\"widget\" data-widget_type=\"heading.default\">\n\t\t\t\t\t<h2 class=\"elementor-heading-title elementor-size-default\">REDUCCI\u00d3N DE LOS ACCIDENTES LABORALES<\/h2>\t\t\t\t<\/div>\n\t\t\t\t<div class=\"elementor-element elementor-element-f785615 elementor-widget elementor-widget-text-editor\" data-id=\"f785615\" data-element_type=\"widget\" data-e-type=\"widget\" data-widget_type=\"text-editor.default\">\n\t\t\t\t\t\t\t\t\tReducci\u00f3n de accidentes laborales (EPI) La seguridad de nuestros empleados es primordial. Prokawa proporciona equipos de protecci\u00f3n adecuados y forma a sus equipos para evitar accidentes laborales.\u00a0\t\t\t\t\t\t\t\t<\/div>\n\t\t\t\t\t<\/div>\n\t\t<\/div>\n\t\t\t\t<div class=\"elementor-column elementor-col-50 elementor-inner-column elementor-element elementor-element-e7d619f\" data-id=\"e7d619f\" data-element_type=\"column\" data-e-type=\"column\">\n\t\t\t<div class=\"elementor-widget-wrap\">\n\t\t\t\t\t\t\t<\/div>\n\t\t<\/div>\n\t\t\t\t\t<\/div>\n\t\t<\/section>\n\t\t\t\t\t<\/div>\n\t\t<\/div>\n\t\t\t\t\t<\/div>\n\t\t<\/section>\n\t\t\t\t<section class=\"elementor-section elementor-top-section elementor-element elementor-element-4be5979 elementor-hidden-desktop elementor-hidden-tablet elementor-hidden-mobile elementor-section-boxed elementor-section-height-default elementor-section-height-default\" data-id=\"4be5979\" data-element_type=\"section\" data-e-type=\"section\" data-settings=\"{&quot;background_background&quot;:&quot;classic&quot;}\">\n\t\t\t\t\t\t\t<div class=\"elementor-background-overlay\"><\/div>\n\t\t\t\t\t\t\t<div class=\"elementor-container elementor-column-gap-default\">\n\t\t\t\t\t<div class=\"elementor-column elementor-col-100 elementor-top-column elementor-element elementor-element-18d5565\" data-id=\"18d5565\" data-element_type=\"column\" data-e-type=\"column\">\n\t\t\t<div class=\"elementor-widget-wrap elementor-element-populated\">\n\t\t\t\t\t\t<div class=\"elementor-element elementor-element-65dafad elementor-widget elementor-widget-heading\" data-id=\"65dafad\" data-element_type=\"widget\" data-e-type=\"widget\" data-widget_type=\"heading.default\">\n\t\t\t\t\t<h2 class=\"elementor-heading-title elementor-size-default\">LAS PERSONAS EN EL CENTRO DE NUESTRA ESTRATEGIA<\/h2>\t\t\t\t<\/div>\n\t\t\t\t<div class=\"elementor-element elementor-element-effea81 elementor-widget elementor-widget-text-editor\" data-id=\"effea81\" data-element_type=\"widget\" data-e-type=\"widget\" data-widget_type=\"text-editor.default\">\n\t\t\t\t\t\t\t\t\tConstruir un proyecto com\u00fan apasionante, atento al bienestar, al equilibrio y a la calidad de vida en el trabajo de todos nuestros colaboradores, y formar parte de un enfoque social y solidario.\t\t\t\t\t\t\t\t<\/div>\n\t\t\t\t<div class=\"elementor-element elementor-element-d7112bd elementor-align-center elementor-widget elementor-widget-button\" data-id=\"d7112bd\" data-element_type=\"widget\" data-e-type=\"widget\" data-widget_type=\"button.default\">\n\t\t\t\t\t\t\t\t\t\t<a class=\"elementor-button elementor-button-link elementor-size-sm elementor-animation-shrink\" href=\"#\">\n\t\t\t\t\t\t<span class=\"elementor-button-content-wrapper\">\n\t\t\t\t\t\t\t\t\t<span class=\"elementor-button-text\">\u00daNETE A NOSOTROS<\/span>\n\t\t\t\t\t<\/span>\n\t\t\t\t\t<\/a>\n\t\t\t\t\t\t\t\t<\/div>\n\t\t\t\t\t<\/div>\n\t\t<\/div>\n\t\t\t\t\t<\/div>\n\t\t<\/section>\n\t\t\t\t<\/div>","protected":false},"excerpt":{"rendered":"<p>EN EL CORAZ\u00d3N DE NUESTRO COMPROMISO Cada d\u00eda, nuestros equipos dan vida a nuestros valores, impulsando nuestros proyectos y encarnando nuestra ambici\u00f3n de ser una empresa responsable y comprometida. Como parte de nuestro enfoque de Responsabilidad Social Corporativa (RSC), hacemos especial hincapi\u00e9 en el bienestar, la diversidad, la inclusi\u00f3n y el desarrollo profesional de nuestros empleados.<\/p>","protected":false},"author":1,"featured_media":0,"parent":0,"menu_order":0,"comment_status":"closed","ping_status":"closed","template":"elementor_header_footer","meta":{"footnotes":""},"class_list":["post-577","page","type-page","status-publish","hentry"],"yoast_head":"<!-- This site is optimized with the Yoast SEO plugin v26.9 - https:\/\/yoast.com\/product\/yoast-seo-wordpress\/ -->\n<title>Nos \u00e9quipes - Pokawa<\/title>\n<meta name=\"robots\" content=\"index, follow, max-snippet:-1, max-image-preview:large, max-video-preview:-1\" \/>\n<link rel=\"canonical\" href=\"https:\/\/pokawa.com\/es\/nos-equipes\/\" \/>\n<meta property=\"og:locale\" content=\"es_ES\" \/>\n<meta property=\"og:type\" content=\"article\" \/>\n<meta property=\"og:title\" content=\"Nos \u00e9quipes - Pokawa\" \/>\n<meta property=\"og:description\" content=\"AU COEUR DE NOTRE ENGAGEMENT Nos \u00e9quipes font vivre chaque jour nos valeurs, qui portent nos projets et qui incarnent notre ambition d\u2019\u00eatre une entreprise responsable et engag\u00e9e. Dans le cadre de notre d\u00e9marche\u00a0Responsabilit\u00e9 Soci\u00e9tale des Entreprises (RSE), nous mettons un accent particulier sur le bien-\u00eatre, la diversit\u00e9, l\u2019inclusion et le d\u00e9veloppement professionnel de nos [&hellip;]\" \/>\n<meta property=\"og:url\" content=\"https:\/\/pokawa.com\/es\/nos-equipes\/\" \/>\n<meta property=\"og:site_name\" content=\"Pokawa\" \/>\n<meta property=\"article:modified_time\" content=\"2026-02-26T13:55:02+00:00\" \/>\n<meta name=\"twitter:card\" content=\"summary_large_image\" \/>\n<meta name=\"twitter:label1\" content=\"Tiempo de lectura\" \/>\n\t<meta name=\"twitter:data1\" content=\"2 minutos\" \/>\n<script type=\"application\/ld+json\" class=\"yoast-schema-graph\">{\"@context\":\"https:\/\/schema.org\",\"@graph\":[{\"@type\":\"WebPage\",\"@id\":\"https:\/\/pokawa.com\/nos-equipes\/\",\"url\":\"https:\/\/pokawa.com\/nos-equipes\/\",\"name\":\"Nos \u00e9quipes - Pokawa\",\"isPartOf\":{\"@id\":\"https:\/\/pokawa.com\/#website\"},\"datePublished\":\"2026-01-26T16:33:22+00:00\",\"dateModified\":\"2026-02-26T13:55:02+00:00\",\"breadcrumb\":{\"@id\":\"https:\/\/pokawa.com\/nos-equipes\/#breadcrumb\"},\"inLanguage\":\"es\",\"potentialAction\":[{\"@type\":\"ReadAction\",\"target\":[\"https:\/\/pokawa.com\/nos-equipes\/\"]}]},{\"@type\":\"BreadcrumbList\",\"@id\":\"https:\/\/pokawa.com\/nos-equipes\/#breadcrumb\",\"itemListElement\":[{\"@type\":\"ListItem\",\"position\":1,\"name\":\"Accueil\",\"item\":\"https:\/\/pokawa.com\/\"},{\"@type\":\"ListItem\",\"position\":2,\"name\":\"Nos \u00e9quipes\"}]},{\"@type\":\"WebSite\",\"@id\":\"https:\/\/pokawa.com\/#website\",\"url\":\"https:\/\/pokawa.com\/\",\"name\":\"Pokawa\",\"description\":\"Le Leader du Pok\u00e9 en Livraison ou \u00e0 Emporter\",\"publisher\":{\"@id\":\"https:\/\/pokawa.com\/#organization\"},\"potentialAction\":[{\"@type\":\"SearchAction\",\"target\":{\"@type\":\"EntryPoint\",\"urlTemplate\":\"https:\/\/pokawa.com\/?s={search_term_string}\"},\"query-input\":{\"@type\":\"PropertyValueSpecification\",\"valueRequired\":true,\"valueName\":\"search_term_string\"}}],\"inLanguage\":\"es\"},{\"@type\":\"Organization\",\"@id\":\"https:\/\/pokawa.com\/#organization\",\"name\":\"Pokawa\",\"url\":\"https:\/\/pokawa.com\/\",\"logo\":{\"@type\":\"ImageObject\",\"inLanguage\":\"es\",\"@id\":\"https:\/\/pokawa.com\/#\/schema\/logo\/image\/\",\"url\":\"https:\/\/pokawa.com\/wp-content\/uploads\/2026\/01\/LOGO.png\",\"contentUrl\":\"https:\/\/pokawa.com\/wp-content\/uploads\/2026\/01\/LOGO.png\",\"width\":536,\"height\":112,\"caption\":\"Pokawa\"},\"image\":{\"@id\":\"https:\/\/pokawa.com\/#\/schema\/logo\/image\/\"}}]}<\/script>\n<!-- \/ Yoast SEO plugin. -->","yoast_head_json":{"title":"Nuestros equipos - Pokawa","robots":{"index":"index","follow":"follow","max-snippet":"max-snippet:-1","max-image-preview":"max-image-preview:large","max-video-preview":"max-video-preview:-1"},"canonical":"https:\/\/pokawa.com\/es\/nos-equipes\/","og_locale":"es_ES","og_type":"article","og_title":"Nos \u00e9quipes - Pokawa","og_description":"AU COEUR DE NOTRE ENGAGEMENT Nos \u00e9quipes font vivre chaque jour nos valeurs, qui portent nos projets et qui incarnent notre ambition d\u2019\u00eatre une entreprise responsable et engag\u00e9e. Dans le cadre de notre d\u00e9marche\u00a0Responsabilit\u00e9 Soci\u00e9tale des Entreprises (RSE), nous mettons un accent particulier sur le bien-\u00eatre, la diversit\u00e9, l\u2019inclusion et le d\u00e9veloppement professionnel de nos [&hellip;]","og_url":"https:\/\/pokawa.com\/es\/nos-equipes\/","og_site_name":"Pokawa","article_modified_time":"2026-02-26T13:55:02+00:00","twitter_card":"summary_large_image","twitter_misc":{"Tiempo de lectura":"2 minutos"},"schema":{"@context":"https:\/\/schema.org","@graph":[{"@type":"WebPage","@id":"https:\/\/pokawa.com\/nos-equipes\/","url":"https:\/\/pokawa.com\/nos-equipes\/","name":"Nuestros equipos - Pokawa","isPartOf":{"@id":"https:\/\/pokawa.com\/#website"},"datePublished":"2026-01-26T16:33:22+00:00","dateModified":"2026-02-26T13:55:02+00:00","breadcrumb":{"@id":"https:\/\/pokawa.com\/nos-equipes\/#breadcrumb"},"inLanguage":"es","potentialAction":[{"@type":"ReadAction","target":["https:\/\/pokawa.com\/nos-equipes\/"]}]},{"@type":"BreadcrumbList","@id":"https:\/\/pokawa.com\/nos-equipes\/#breadcrumb","itemListElement":[{"@type":"ListItem","position":1,"name":"Accueil","item":"https:\/\/pokawa.com\/"},{"@type":"ListItem","position":2,"name":"Nos \u00e9quipes"}]},{"@type":"WebSite","@id":"https:\/\/pokawa.com\/#website","url":"https:\/\/pokawa.com\/","name":"Pokawa","description":"El l\u00edder en reparto de Pok\u00e9 y comida para llevar","publisher":{"@id":"https:\/\/pokawa.com\/#organization"},"potentialAction":[{"@type":"SearchAction","target":{"@type":"EntryPoint","urlTemplate":"https:\/\/pokawa.com\/?s={search_term_string}"},"query-input":{"@type":"PropertyValueSpecification","valueRequired":true,"valueName":"search_term_string"}}],"inLanguage":"es"},{"@type":"Organization","@id":"https:\/\/pokawa.com\/#organization","name":"Pokawa","url":"https:\/\/pokawa.com\/","logo":{"@type":"ImageObject","inLanguage":"es","@id":"https:\/\/pokawa.com\/#\/schema\/logo\/image\/","url":"https:\/\/pokawa.com\/wp-content\/uploads\/2026\/01\/LOGO.png","contentUrl":"https:\/\/pokawa.com\/wp-content\/uploads\/2026\/01\/LOGO.png","width":536,"height":112,"caption":"Pokawa"},"image":{"@id":"https:\/\/pokawa.com\/#\/schema\/logo\/image\/"}}]}},"_links":{"self":[{"href":"https:\/\/pokawa.com\/es\/wp-json\/wp\/v2\/pages\/577","targetHints":{"allow":["GET"]}}],"collection":[{"href":"https:\/\/pokawa.com\/es\/wp-json\/wp\/v2\/pages"}],"about":[{"href":"https:\/\/pokawa.com\/es\/wp-json\/wp\/v2\/types\/page"}],"author":[{"embeddable":true,"href":"https:\/\/pokawa.com\/es\/wp-json\/wp\/v2\/users\/1"}],"replies":[{"embeddable":true,"href":"https:\/\/pokawa.com\/es\/wp-json\/wp\/v2\/comments?post=577"}],"version-history":[{"count":61,"href":"https:\/\/pokawa.com\/es\/wp-json\/wp\/v2\/pages\/577\/revisions"}],"predecessor-version":[{"id":3858,"href":"https:\/\/pokawa.com\/es\/wp-json\/wp\/v2\/pages\/577\/revisions\/3858"}],"wp:attachment":[{"href":"https:\/\/pokawa.com\/es\/wp-json\/wp\/v2\/media?parent=577"}],"curies":[{"name":"wp","href":"https:\/\/api.w.org\/{rel}","templated":true}]}}