{"id":377,"date":"2026-01-15T02:03:35","date_gmt":"2026-01-15T02:03:35","guid":{"rendered":"https:\/\/pokawa.com\/?page_id=377"},"modified":"2026-02-08T19:52:26","modified_gmt":"2026-02-08T19:52:26","slug":"mentions-legales","status":"publish","type":"page","link":"https:\/\/pokawa.com\/es\/mentions-legales\/","title":{"rendered":"Informaci\u00f3n jur\u00eddica"},"content":{"rendered":"<div data-elementor-type=\"wp-post\" data-elementor-id=\"377\" class=\"elementor elementor-377\" data-elementor-post-type=\"page\">\n\t\t\t\t\t\t<section class=\"elementor-section elementor-top-section elementor-element elementor-element-8f01354 elementor-section-boxed elementor-section-height-default elementor-section-height-default\" data-id=\"8f01354\" data-element_type=\"section\" data-e-type=\"section\" data-settings=\"{&quot;background_background&quot;:&quot;classic&quot;}\">\n\t\t\t\t\t\t<div class=\"elementor-container elementor-column-gap-default\">\n\t\t\t\t\t<div class=\"elementor-column elementor-col-100 elementor-top-column elementor-element elementor-element-ce09486\" data-id=\"ce09486\" data-element_type=\"column\" data-e-type=\"column\">\n\t\t\t<div class=\"elementor-widget-wrap elementor-element-populated\">\n\t\t\t\t\t\t<div class=\"elementor-element elementor-element-21c36db elementor-widget__width-initial elementor-widget elementor-widget-heading\" data-id=\"21c36db\" data-element_type=\"widget\" data-e-type=\"widget\" data-widget_type=\"heading.default\">\n\t\t\t\t\t<h2 class=\"elementor-heading-title elementor-size-default\">Informaci\u00f3n jur\u00eddica<\/h2>\t\t\t\t<\/div>\n\t\t\t\t\t<\/div>\n\t\t<\/div>\n\t\t\t\t\t<\/div>\n\t\t<\/section>\n\t\t\t\t<section class=\"elementor-section elementor-top-section elementor-element elementor-element-e9cd314 elementor-section-boxed elementor-section-height-default elementor-section-height-default\" data-id=\"e9cd314\" data-element_type=\"section\" data-e-type=\"section\">\n\t\t\t\t\t\t<div class=\"elementor-container elementor-column-gap-default\">\n\t\t\t\t\t<div class=\"elementor-column elementor-col-100 elementor-top-column elementor-element elementor-element-57be13e\" data-id=\"57be13e\" data-element_type=\"column\" data-e-type=\"column\">\n\t\t\t<div class=\"elementor-widget-wrap elementor-element-populated\">\n\t\t\t\t\t\t<div class=\"elementor-element elementor-element-59606bc elementor-widget elementor-widget-accordion\" data-id=\"59606bc\" data-element_type=\"widget\" data-e-type=\"widget\" data-widget_type=\"accordion.default\">\n\t\t\t\t\t\t\t<div class=\"elementor-accordion\">\n\t\t\t\t\t\t\t<div class=\"elementor-accordion-item\">\n\t\t\t\t\t<div id=\"elementor-tab-title-9371\" class=\"elementor-tab-title\" data-tab=\"1\" role=\"button\" aria-controls=\"elementor-tab-content-9371\" aria-expanded=\"false\">\n\t\t\t\t\t\t\t\t\t\t\t\t\t<span class=\"elementor-accordion-icon elementor-accordion-icon-right\" aria-hidden=\"true\">\n\t\t\t\t\t\t\t\t\t\t\t\t\t\t\t<span class=\"elementor-accordion-icon-closed\"><svg class=\"e-font-icon-svg e-fas-plus\" viewbox=\"0 0 448 512\" xmlns=\"http:\/\/www.w3.org\/2000\/svg\"><path d=\"M416 208H272V64c0-17.67-14.33-32-32-32h-32c-17.67 0-32 14.33-32 32v144H32c-17.67 0-32 14.33-32 32v32c0 17.67 14.33 32 32 32h144v144c0 17.67 14.33 32 32 32h32c17.67 0 32-14.33 32-32V304h144c17.67 0 32-14.33 32-32v-32c0-17.67-14.33-32-32-32z\"><\/path><\/svg><\/span>\n\t\t\t\t\t\t\t\t<span class=\"elementor-accordion-icon-opened\"><svg class=\"e-font-icon-svg e-fas-minus\" viewbox=\"0 0 448 512\" xmlns=\"http:\/\/www.w3.org\/2000\/svg\"><path d=\"M416 208H32c-17.67 0-32 14.33-32 32v32c0 17.67 14.33 32 32 32h384c17.67 0 32-14.33 32-32v-32c0-17.67-14.33-32-32-32z\"><\/path><\/svg><\/span>\n\t\t\t\t\t\t\t\t\t\t\t\t\t\t<\/span>\n\t\t\t\t\t\t\t\t\t\t\t\t<a class=\"elementor-accordion-title\" tabindex=\"0\">POKAWA powered by BELORDER\u00ae.<\/a>\n\t\t\t\t\t<\/div>\n\t\t\t\t\t<div id=\"elementor-tab-content-9371\" class=\"elementor-tab-content elementor-clearfix\" data-tab=\"1\" role=\"region\" aria-labelledby=\"elementor-tab-title-9371\"><p>Domicilio social: 8 VLA POIRIER 75015 PAR\u00cdS<br \/>SIRENA : 83021320300052<br \/>Director de la publicaci\u00f3n: POKAWA<\/p><\/div>\n\t\t\t\t<\/div>\n\t\t\t\t\t\t\t<div class=\"elementor-accordion-item\">\n\t\t\t\t\t<div id=\"elementor-tab-title-9372\" class=\"elementor-tab-title\" data-tab=\"2\" role=\"button\" aria-controls=\"elementor-tab-content-9372\" aria-expanded=\"false\">\n\t\t\t\t\t\t\t\t\t\t\t\t\t<span class=\"elementor-accordion-icon elementor-accordion-icon-right\" aria-hidden=\"true\">\n\t\t\t\t\t\t\t\t\t\t\t\t\t\t\t<span class=\"elementor-accordion-icon-closed\"><svg class=\"e-font-icon-svg e-fas-plus\" viewbox=\"0 0 448 512\" xmlns=\"http:\/\/www.w3.org\/2000\/svg\"><path d=\"M416 208H272V64c0-17.67-14.33-32-32-32h-32c-17.67 0-32 14.33-32 32v144H32c-17.67 0-32 14.33-32 32v32c0 17.67 14.33 32 32 32h144v144c0 17.67 14.33 32 32 32h32c17.67 0 32-14.33 32-32V304h144c17.67 0 32-14.33 32-32v-32c0-17.67-14.33-32-32-32z\"><\/path><\/svg><\/span>\n\t\t\t\t\t\t\t\t<span class=\"elementor-accordion-icon-opened\"><svg class=\"e-font-icon-svg e-fas-minus\" viewbox=\"0 0 448 512\" xmlns=\"http:\/\/www.w3.org\/2000\/svg\"><path d=\"M416 208H32c-17.67 0-32 14.33-32 32v32c0 17.67 14.33 32 32 32h384c17.67 0 32-14.33 32-32v-32c0-17.67-14.33-32-32-32z\"><\/path><\/svg><\/span>\n\t\t\t\t\t\t\t\t\t\t\t\t\t\t<\/span>\n\t\t\t\t\t\t\t\t\t\t\t\t<a class=\"elementor-accordion-title\" tabindex=\"0\">Dise\u00f1o y producci\u00f3n de sitios web<\/a>\n\t\t\t\t\t<\/div>\n\t\t\t\t\t<div id=\"elementor-tab-content-9372\" class=\"elementor-tab-content elementor-clearfix\" data-tab=\"2\" role=\"region\" aria-labelledby=\"elementor-tab-title-9372\"><p>Cr\u00e9dito: BELORDER<br \/>Webmaster: BELORDER<br \/>Alojamiento : OVH<\/p><\/div>\n\t\t\t\t<\/div>\n\t\t\t\t\t\t\t<div class=\"elementor-accordion-item\">\n\t\t\t\t\t<div id=\"elementor-tab-title-9373\" class=\"elementor-tab-title\" data-tab=\"3\" role=\"button\" aria-controls=\"elementor-tab-content-9373\" aria-expanded=\"false\">\n\t\t\t\t\t\t\t\t\t\t\t\t\t<span class=\"elementor-accordion-icon elementor-accordion-icon-right\" aria-hidden=\"true\">\n\t\t\t\t\t\t\t\t\t\t\t\t\t\t\t<span class=\"elementor-accordion-icon-closed\"><svg class=\"e-font-icon-svg e-fas-plus\" viewbox=\"0 0 448 512\" xmlns=\"http:\/\/www.w3.org\/2000\/svg\"><path d=\"M416 208H272V64c0-17.67-14.33-32-32-32h-32c-17.67 0-32 14.33-32 32v144H32c-17.67 0-32 14.33-32 32v32c0 17.67 14.33 32 32 32h144v144c0 17.67 14.33 32 32 32h32c17.67 0 32-14.33 32-32V304h144c17.67 0 32-14.33 32-32v-32c0-17.67-14.33-32-32-32z\"><\/path><\/svg><\/span>\n\t\t\t\t\t\t\t\t<span class=\"elementor-accordion-icon-opened\"><svg class=\"e-font-icon-svg e-fas-minus\" viewbox=\"0 0 448 512\" xmlns=\"http:\/\/www.w3.org\/2000\/svg\"><path d=\"M416 208H32c-17.67 0-32 14.33-32 32v32c0 17.67 14.33 32 32 32h384c17.67 0 32-14.33 32-32v-32c0-17.67-14.33-32-32-32z\"><\/path><\/svg><\/span>\n\t\t\t\t\t\t\t\t\t\t\t\t\t\t<\/span>\n\t\t\t\t\t\t\t\t\t\t\t\t<a class=\"elementor-accordion-title\" tabindex=\"0\">Dise\u00f1o de la tipograf\u00eda del logotipo de Pokawa<\/a>\n\t\t\t\t\t<\/div>\n\t\t\t\t\t<div id=\"elementor-tab-content-9373\" class=\"elementor-tab-content elementor-clearfix\" data-tab=\"3\" role=\"region\" aria-labelledby=\"elementor-tab-title-9373\"><p>Dirigida por : Alexandre Pietra<br \/>P\u00e1gina web: https:\/\/www.kreastudio.ch\/<\/p><\/div>\n\t\t\t\t<\/div>\n\t\t\t\t\t\t\t\t<\/div>\n\t\t\t\t\t\t<\/div>\n\t\t\t\t\t<\/div>\n\t\t<\/div>\n\t\t\t\t\t<\/div>\n\t\t<\/section>\n\t\t\t\t<\/div>","protected":false},"excerpt":{"rendered":"<p>POKAWA powered by BELORDER\u00ae Domicilio social: 8 VLA POIRIER 75015 PARISSIREN: 83021320300052Director de la publicaci\u00f3n: POKAWA Dise\u00f1o y producci\u00f3n del sitio Cr\u00e9dito: BELORDERWebmaster: BELORDERHosting: OVH Tipograf\u00eda del logotipo de Pokawa dise\u00f1ada por : Alexandre PietraP\u00e1gina web: https:\/\/www.kreastudio.ch\/<\/p>","protected":false},"author":1,"featured_media":0,"parent":0,"menu_order":0,"comment_status":"closed","ping_status":"closed","template":"elementor_header_footer","meta":{"footnotes":""},"class_list":["post-377","page","type-page","status-publish","hentry"],"yoast_head":"<!-- This site is optimized with the Yoast SEO plugin v26.9 - https:\/\/yoast.com\/product\/yoast-seo-wordpress\/ -->\n<title>Mentions l\u00e9gales - Pokawa<\/title>\n<meta name=\"robots\" content=\"index, follow, max-snippet:-1, max-image-preview:large, max-video-preview:-1\" \/>\n<link rel=\"canonical\" href=\"https:\/\/pokawa.com\/es\/mentions-legales\/\" \/>\n<meta property=\"og:locale\" content=\"es_ES\" \/>\n<meta property=\"og:type\" content=\"article\" \/>\n<meta property=\"og:title\" content=\"Mentions l\u00e9gales - Pokawa\" \/>\n<meta property=\"og:description\" content=\"POKAWA propuls\u00e9 par BELORDER\u00ae Si\u00e8ge social : 8 VLA POIRIER 75015 PARISSIREN : 83021320300052Directeur\/trice de la publication : POKAWA Conception et r\u00e9alisation du site Cr\u00e9dit : BELORDERWebmaster : BELORDERH\u00e9bergeur : OVH Conception de la typographie du logo Pokawa R\u00e9alis\u00e9 par : Alexandre PietraSite web : https:\/\/www.kreastudio.ch\/\" \/>\n<meta property=\"og:url\" content=\"https:\/\/pokawa.com\/es\/mentions-legales\/\" \/>\n<meta property=\"og:site_name\" content=\"Pokawa\" \/>\n<meta property=\"article:modified_time\" content=\"2026-02-08T19:52:26+00:00\" \/>\n<meta name=\"twitter:card\" content=\"summary_large_image\" \/>\n<script type=\"application\/ld+json\" class=\"yoast-schema-graph\">{\"@context\":\"https:\/\/schema.org\",\"@graph\":[{\"@type\":\"WebPage\",\"@id\":\"https:\/\/pokawa.com\/mentions-legales\/\",\"url\":\"https:\/\/pokawa.com\/mentions-legales\/\",\"name\":\"Mentions l\u00e9gales - Pokawa\",\"isPartOf\":{\"@id\":\"https:\/\/pokawa.com\/#website\"},\"datePublished\":\"2026-01-15T02:03:35+00:00\",\"dateModified\":\"2026-02-08T19:52:26+00:00\",\"breadcrumb\":{\"@id\":\"https:\/\/pokawa.com\/mentions-legales\/#breadcrumb\"},\"inLanguage\":\"es\",\"potentialAction\":[{\"@type\":\"ReadAction\",\"target\":[\"https:\/\/pokawa.com\/mentions-legales\/\"]}]},{\"@type\":\"BreadcrumbList\",\"@id\":\"https:\/\/pokawa.com\/mentions-legales\/#breadcrumb\",\"itemListElement\":[{\"@type\":\"ListItem\",\"position\":1,\"name\":\"Accueil\",\"item\":\"https:\/\/pokawa.com\/\"},{\"@type\":\"ListItem\",\"position\":2,\"name\":\"Mentions l\u00e9gales\"}]},{\"@type\":\"WebSite\",\"@id\":\"https:\/\/pokawa.com\/#website\",\"url\":\"https:\/\/pokawa.com\/\",\"name\":\"Pokawa\",\"description\":\"Le Leader du Pok\u00e9 en Livraison ou \u00e0 Emporter\",\"publisher\":{\"@id\":\"https:\/\/pokawa.com\/#organization\"},\"potentialAction\":[{\"@type\":\"SearchAction\",\"target\":{\"@type\":\"EntryPoint\",\"urlTemplate\":\"https:\/\/pokawa.com\/?s={search_term_string}\"},\"query-input\":{\"@type\":\"PropertyValueSpecification\",\"valueRequired\":true,\"valueName\":\"search_term_string\"}}],\"inLanguage\":\"es\"},{\"@type\":\"Organization\",\"@id\":\"https:\/\/pokawa.com\/#organization\",\"name\":\"Pokawa\",\"url\":\"https:\/\/pokawa.com\/\",\"logo\":{\"@type\":\"ImageObject\",\"inLanguage\":\"es\",\"@id\":\"https:\/\/pokawa.com\/#\/schema\/logo\/image\/\",\"url\":\"https:\/\/pokawa.com\/wp-content\/uploads\/2026\/01\/LOGO.png\",\"contentUrl\":\"https:\/\/pokawa.com\/wp-content\/uploads\/2026\/01\/LOGO.png\",\"width\":536,\"height\":112,\"caption\":\"Pokawa\"},\"image\":{\"@id\":\"https:\/\/pokawa.com\/#\/schema\/logo\/image\/\"}}]}<\/script>\n<!-- \/ Yoast SEO plugin. -->","yoast_head_json":{"title":"Informaci\u00f3n jur\u00eddica - Pokawa","robots":{"index":"index","follow":"follow","max-snippet":"max-snippet:-1","max-image-preview":"max-image-preview:large","max-video-preview":"max-video-preview:-1"},"canonical":"https:\/\/pokawa.com\/es\/mentions-legales\/","og_locale":"es_ES","og_type":"article","og_title":"Mentions l\u00e9gales - Pokawa","og_description":"POKAWA propuls\u00e9 par BELORDER\u00ae Si\u00e8ge social : 8 VLA POIRIER 75015 PARISSIREN : 83021320300052Directeur\/trice de la publication : POKAWA Conception et r\u00e9alisation du site Cr\u00e9dit : BELORDERWebmaster : BELORDERH\u00e9bergeur : OVH Conception de la typographie du logo Pokawa R\u00e9alis\u00e9 par : Alexandre PietraSite web : https:\/\/www.kreastudio.ch\/","og_url":"https:\/\/pokawa.com\/es\/mentions-legales\/","og_site_name":"Pokawa","article_modified_time":"2026-02-08T19:52:26+00:00","twitter_card":"summary_large_image","schema":{"@context":"https:\/\/schema.org","@graph":[{"@type":"WebPage","@id":"https:\/\/pokawa.com\/mentions-legales\/","url":"https:\/\/pokawa.com\/mentions-legales\/","name":"Informaci\u00f3n jur\u00eddica - Pokawa","isPartOf":{"@id":"https:\/\/pokawa.com\/#website"},"datePublished":"2026-01-15T02:03:35+00:00","dateModified":"2026-02-08T19:52:26+00:00","breadcrumb":{"@id":"https:\/\/pokawa.com\/mentions-legales\/#breadcrumb"},"inLanguage":"es","potentialAction":[{"@type":"ReadAction","target":["https:\/\/pokawa.com\/mentions-legales\/"]}]},{"@type":"BreadcrumbList","@id":"https:\/\/pokawa.com\/mentions-legales\/#breadcrumb","itemListElement":[{"@type":"ListItem","position":1,"name":"Accueil","item":"https:\/\/pokawa.com\/"},{"@type":"ListItem","position":2,"name":"Mentions l\u00e9gales"}]},{"@type":"WebSite","@id":"https:\/\/pokawa.com\/#website","url":"https:\/\/pokawa.com\/","name":"Pokawa","description":"El l\u00edder en reparto de Pok\u00e9 y comida para llevar","publisher":{"@id":"https:\/\/pokawa.com\/#organization"},"potentialAction":[{"@type":"SearchAction","target":{"@type":"EntryPoint","urlTemplate":"https:\/\/pokawa.com\/?s={search_term_string}"},"query-input":{"@type":"PropertyValueSpecification","valueRequired":true,"valueName":"search_term_string"}}],"inLanguage":"es"},{"@type":"Organization","@id":"https:\/\/pokawa.com\/#organization","name":"Pokawa","url":"https:\/\/pokawa.com\/","logo":{"@type":"ImageObject","inLanguage":"es","@id":"https:\/\/pokawa.com\/#\/schema\/logo\/image\/","url":"https:\/\/pokawa.com\/wp-content\/uploads\/2026\/01\/LOGO.png","contentUrl":"https:\/\/pokawa.com\/wp-content\/uploads\/2026\/01\/LOGO.png","width":536,"height":112,"caption":"Pokawa"},"image":{"@id":"https:\/\/pokawa.com\/#\/schema\/logo\/image\/"}}]}},"_links":{"self":[{"href":"https:\/\/pokawa.com\/es\/wp-json\/wp\/v2\/pages\/377","targetHints":{"allow":["GET"]}}],"collection":[{"href":"https:\/\/pokawa.com\/es\/wp-json\/wp\/v2\/pages"}],"about":[{"href":"https:\/\/pokawa.com\/es\/wp-json\/wp\/v2\/types\/page"}],"author":[{"embeddable":true,"href":"https:\/\/pokawa.com\/es\/wp-json\/wp\/v2\/users\/1"}],"replies":[{"embeddable":true,"href":"https:\/\/pokawa.com\/es\/wp-json\/wp\/v2\/comments?post=377"}],"version-history":[{"count":16,"href":"https:\/\/pokawa.com\/es\/wp-json\/wp\/v2\/pages\/377\/revisions"}],"predecessor-version":[{"id":2446,"href":"https:\/\/pokawa.com\/es\/wp-json\/wp\/v2\/pages\/377\/revisions\/2446"}],"wp:attachment":[{"href":"https:\/\/pokawa.com\/es\/wp-json\/wp\/v2\/media?parent=377"}],"curies":[{"name":"wp","href":"https:\/\/api.w.org\/{rel}","templated":true}]}}