{"id":3442,"date":"2026-02-12T13:44:53","date_gmt":"2026-02-12T13:44:53","guid":{"rendered":"https:\/\/pokawa.com\/?page_id=3442"},"modified":"2026-02-12T13:54:41","modified_gmt":"2026-02-12T13:54:41","slug":"reglements-jeu-concours","status":"publish","type":"page","link":"https:\/\/pokawa.com\/es\/reglements-jeu-concours\/","title":{"rendered":"Normas del concurso"},"content":{"rendered":"<div data-elementor-type=\"wp-post\" data-elementor-id=\"3442\" class=\"elementor elementor-3442\" data-elementor-post-type=\"page\">\n\t\t\t\t\t\t<section class=\"elementor-section elementor-top-section elementor-element elementor-element-c4255a8 elementor-section-boxed elementor-section-height-default elementor-section-height-default\" data-id=\"c4255a8\" data-element_type=\"section\" data-e-type=\"section\" data-settings=\"{&quot;background_background&quot;:&quot;classic&quot;}\">\n\t\t\t\t\t\t<div class=\"elementor-container elementor-column-gap-default\">\n\t\t\t\t\t<div class=\"elementor-column elementor-col-100 elementor-top-column elementor-element elementor-element-ada92cc\" data-id=\"ada92cc\" data-element_type=\"column\" data-e-type=\"column\">\n\t\t\t<div class=\"elementor-widget-wrap elementor-element-populated\">\n\t\t\t\t\t\t<div class=\"elementor-element elementor-element-de2a0b5 elementor-widget elementor-widget-heading\" data-id=\"de2a0b5\" data-element_type=\"widget\" data-e-type=\"widget\" data-widget_type=\"heading.default\">\n\t\t\t\t\t<h2 class=\"elementor-heading-title elementor-size-default\">Normas del concurso<\/h2>\t\t\t\t<\/div>\n\t\t\t\t\t<\/div>\n\t\t<\/div>\n\t\t\t\t\t<\/div>\n\t\t<\/section>\n\t\t\t\t<section class=\"elementor-section elementor-top-section elementor-element elementor-element-f98f3ed elementor-section-boxed elementor-section-height-default elementor-section-height-default\" data-id=\"f98f3ed\" data-element_type=\"section\" data-e-type=\"section\">\n\t\t\t\t\t\t<div class=\"elementor-container elementor-column-gap-default\">\n\t\t\t\t\t<div class=\"elementor-column elementor-col-100 elementor-top-column elementor-element elementor-element-74ca0ab\" data-id=\"74ca0ab\" data-element_type=\"column\" data-e-type=\"column\">\n\t\t\t<div class=\"elementor-widget-wrap elementor-element-populated\">\n\t\t\t\t\t\t<div class=\"elementor-element elementor-element-5e85fec elementor-widget elementor-widget-accordion\" data-id=\"5e85fec\" data-element_type=\"widget\" data-e-type=\"widget\" data-widget_type=\"accordion.default\">\n\t\t\t\t\t\t\t<div class=\"elementor-accordion\">\n\t\t\t\t\t\t\t<div class=\"elementor-accordion-item\">\n\t\t\t\t\t<div id=\"elementor-tab-title-9911\" class=\"elementor-tab-title\" data-tab=\"1\" role=\"button\" aria-controls=\"elementor-tab-content-9911\" aria-expanded=\"false\">\n\t\t\t\t\t\t\t\t\t\t\t\t\t<span class=\"elementor-accordion-icon elementor-accordion-icon-right\" aria-hidden=\"true\">\n\t\t\t\t\t\t\t\t\t\t\t\t\t\t\t<span class=\"elementor-accordion-icon-closed\"><svg class=\"e-font-icon-svg e-fas-plus\" viewbox=\"0 0 448 512\" xmlns=\"http:\/\/www.w3.org\/2000\/svg\"><path d=\"M416 208H272V64c0-17.67-14.33-32-32-32h-32c-17.67 0-32 14.33-32 32v144H32c-17.67 0-32 14.33-32 32v32c0 17.67 14.33 32 32 32h144v144c0 17.67 14.33 32 32 32h32c17.67 0 32-14.33 32-32V304h144c17.67 0 32-14.33 32-32v-32c0-17.67-14.33-32-32-32z\"><\/path><\/svg><\/span>\n\t\t\t\t\t\t\t\t<span class=\"elementor-accordion-icon-opened\"><svg class=\"e-font-icon-svg e-fas-minus\" viewbox=\"0 0 448 512\" xmlns=\"http:\/\/www.w3.org\/2000\/svg\"><path d=\"M416 208H32c-17.67 0-32 14.33-32 32v32c0 17.67 14.33 32 32 32h384c17.67 0 32-14.33 32-32v-32c0-17.67-14.33-32-32-32z\"><\/path><\/svg><\/span>\n\t\t\t\t\t\t\t\t\t\t\t\t\t\t<\/span>\n\t\t\t\t\t\t\t\t\t\t\t\t<a class=\"elementor-accordion-title\" tabindex=\"0\">B\u00daSQUEDA DEL TESORO EN KOH-LANTA<\/a>\n\t\t\t\t\t<\/div>\n\t\t\t\t\t<div id=\"elementor-tab-content-9911\" class=\"elementor-tab-content elementor-clearfix\" data-tab=\"1\" role=\"region\" aria-labelledby=\"elementor-tab-title-9911\"><div data-qa=\"message-text\"><div role=\"presentation\" data-qa=\"slack_kit_scrollbar\"><div role=\"presentation\"><div role=\"list\" data-qa=\"slack_kit_list\" aria-label=\"Alexia T\u00caTE - Responsable de Comunicaci\u00f3n - Marketing (mensaje directo, ausente)\"><div tabindex=\"0\" role=\"listitem\" aria-setsize=\"-1\" data-qa=\"virtual-list-item\" data-item-key=\"1695628309.541529\"><div role=\"presentation\" data-qa=\"message_container\" data-qa-unprocessed=\"false\" data-qa-placeholder=\"false\"><div role=\"document\" aria-roledescription=\"message\" data-qa-hover=\"true\"><div role=\"presentation\" data-qa=\"message_content\"><p data-qa=\"message-text\">Normas del concurso <a href=\"https:\/\/pokawa.com\/wp-content\/uploads\/2026\/02\/Reglement-et-CG-Jeu-concours-Chasse-au-tresor-Totem.pdf\">ICI<\/a>.<\/p><\/div><\/div><\/div><\/div><\/div><\/div><\/div><\/div><\/div>\n\t\t\t\t<\/div>\n\t\t\t\t\t\t\t<div class=\"elementor-accordion-item\">\n\t\t\t\t\t<div id=\"elementor-tab-title-9912\" class=\"elementor-tab-title\" data-tab=\"2\" role=\"button\" aria-controls=\"elementor-tab-content-9912\" aria-expanded=\"false\">\n\t\t\t\t\t\t\t\t\t\t\t\t\t<span class=\"elementor-accordion-icon elementor-accordion-icon-right\" aria-hidden=\"true\">\n\t\t\t\t\t\t\t\t\t\t\t\t\t\t\t<span class=\"elementor-accordion-icon-closed\"><svg class=\"e-font-icon-svg e-fas-plus\" viewbox=\"0 0 448 512\" xmlns=\"http:\/\/www.w3.org\/2000\/svg\"><path d=\"M416 208H272V64c0-17.67-14.33-32-32-32h-32c-17.67 0-32 14.33-32 32v144H32c-17.67 0-32 14.33-32 32v32c0 17.67 14.33 32 32 32h144v144c0 17.67 14.33 32 32 32h32c17.67 0 32-14.33 32-32V304h144c17.67 0 32-14.33 32-32v-32c0-17.67-14.33-32-32-32z\"><\/path><\/svg><\/span>\n\t\t\t\t\t\t\t\t<span class=\"elementor-accordion-icon-opened\"><svg class=\"e-font-icon-svg e-fas-minus\" viewbox=\"0 0 448 512\" xmlns=\"http:\/\/www.w3.org\/2000\/svg\"><path d=\"M416 208H32c-17.67 0-32 14.33-32 32v32c0 17.67 14.33 32 32 32h384c17.67 0 32-14.33 32-32v-32c0-17.67-14.33-32-32-32z\"><\/path><\/svg><\/span>\n\t\t\t\t\t\t\t\t\t\t\t\t\t\t<\/span>\n\t\t\t\t\t\t\t\t\t\t\t\t<a class=\"elementor-accordion-title\" tabindex=\"0\">San Valent\u00edn<\/a>\n\t\t\t\t\t<\/div>\n\t\t\t\t\t<div id=\"elementor-tab-content-9912\" class=\"elementor-tab-content elementor-clearfix\" data-tab=\"2\" role=\"region\" aria-labelledby=\"elementor-tab-title-9912\"><div class=\"elementor elementor-4934\" data-elementor-type=\"wp-page\" data-elementor-id=\"4934\" data-elementor-post-type=\"page\"><section class=\"elementor-section elementor-top-section elementor-element elementor-element-33a21b2 elementor-section-boxed elementor-section-height-default elementor-section-height-default\" data-id=\"33a21b2\" data-element_type=\"section\"><div class=\"elementor-container elementor-column-gap-default\"><div class=\"elementor-column elementor-col-100 elementor-top-column elementor-element elementor-element-5b20458\" data-id=\"5b20458\" data-element_type=\"column\"><div class=\"elementor-widget-wrap elementor-element-populated\"><div class=\"elementor-element elementor-element-b9de2cc elementor-widget__width-initial elementor-widget elementor-widget-text-editor\" data-id=\"b9de2cc\" data-element_type=\"widget\" data-widget_type=\"text-editor.default\"><div class=\"elementor-widget-container\"><p>Normas del concurso <a href=\"https:\/\/pokawa.com\/wp-content\/uploads\/2026\/02\/2026.02.12-Reglement-et-CG-Jeux-Concours-Saint-Valentin-1.pdf\">ICI<\/a>.<\/p><\/div><\/div><\/div><\/div><\/div><\/section><\/div><\/div>\n\t\t\t\t<\/div>\n\t\t\t\t\t\t\t\t<\/div>\n\t\t\t\t\t\t<\/div>\n\t\t\t\t\t<\/div>\n\t\t<\/div>\n\t\t\t\t\t<\/div>\n\t\t<\/section>\n\t\t\t\t<\/div>","protected":false},"excerpt":{"rendered":"<p>Bases del concurso KOH-LANTA TREASURE SHOES AQU\u00cd. Bases del concurso de San Valent\u00edn AQU\u00cd.<\/p>","protected":false},"author":2,"featured_media":0,"parent":0,"menu_order":0,"comment_status":"closed","ping_status":"closed","template":"elementor_header_footer","meta":{"footnotes":""},"class_list":["post-3442","page","type-page","status-publish","hentry"],"yoast_head":"<!-- This site is optimized with the Yoast SEO plugin v26.9 - https:\/\/yoast.com\/product\/yoast-seo-wordpress\/ -->\n<title>R\u00e8glements Jeu concours - Pokawa<\/title>\n<meta name=\"robots\" content=\"index, follow, max-snippet:-1, max-image-preview:large, max-video-preview:-1\" \/>\n<link rel=\"canonical\" href=\"https:\/\/pokawa.com\/es\/reglements-jeu-concours\/\" \/>\n<meta property=\"og:locale\" content=\"es_ES\" \/>\n<meta property=\"og:type\" content=\"article\" \/>\n<meta property=\"og:title\" content=\"R\u00e8glements Jeu concours - Pokawa\" \/>\n<meta property=\"og:description\" content=\"CHAUSSE AU TR\u00c9SOR KOH-LANTA R\u00e8glement du Jeu Concours ICI. Saint-valentin R\u00e8glement du Jeu Concours ICI.\" \/>\n<meta property=\"og:url\" content=\"https:\/\/pokawa.com\/es\/reglements-jeu-concours\/\" \/>\n<meta property=\"og:site_name\" content=\"Pokawa\" \/>\n<meta property=\"article:modified_time\" content=\"2026-02-12T13:54:41+00:00\" \/>\n<meta name=\"twitter:card\" content=\"summary_large_image\" \/>\n<meta name=\"twitter:label1\" content=\"Tiempo de lectura\" \/>\n\t<meta name=\"twitter:data1\" content=\"1 minuto\" \/>\n<script type=\"application\/ld+json\" class=\"yoast-schema-graph\">{\"@context\":\"https:\/\/schema.org\",\"@graph\":[{\"@type\":\"WebPage\",\"@id\":\"https:\/\/pokawa.com\/reglements-jeu-concours\/\",\"url\":\"https:\/\/pokawa.com\/reglements-jeu-concours\/\",\"name\":\"R\u00e8glements Jeu concours - Pokawa\",\"isPartOf\":{\"@id\":\"https:\/\/pokawa.com\/#website\"},\"datePublished\":\"2026-02-12T13:44:53+00:00\",\"dateModified\":\"2026-02-12T13:54:41+00:00\",\"breadcrumb\":{\"@id\":\"https:\/\/pokawa.com\/reglements-jeu-concours\/#breadcrumb\"},\"inLanguage\":\"es\",\"potentialAction\":[{\"@type\":\"ReadAction\",\"target\":[\"https:\/\/pokawa.com\/reglements-jeu-concours\/\"]}]},{\"@type\":\"BreadcrumbList\",\"@id\":\"https:\/\/pokawa.com\/reglements-jeu-concours\/#breadcrumb\",\"itemListElement\":[{\"@type\":\"ListItem\",\"position\":1,\"name\":\"Accueil\",\"item\":\"https:\/\/pokawa.com\/\"},{\"@type\":\"ListItem\",\"position\":2,\"name\":\"R\u00e8glements Jeu concours\"}]},{\"@type\":\"WebSite\",\"@id\":\"https:\/\/pokawa.com\/#website\",\"url\":\"https:\/\/pokawa.com\/\",\"name\":\"Pokawa\",\"description\":\"Le Leader du Pok\u00e9 en Livraison ou \u00e0 Emporter\",\"publisher\":{\"@id\":\"https:\/\/pokawa.com\/#organization\"},\"potentialAction\":[{\"@type\":\"SearchAction\",\"target\":{\"@type\":\"EntryPoint\",\"urlTemplate\":\"https:\/\/pokawa.com\/?s={search_term_string}\"},\"query-input\":{\"@type\":\"PropertyValueSpecification\",\"valueRequired\":true,\"valueName\":\"search_term_string\"}}],\"inLanguage\":\"es\"},{\"@type\":\"Organization\",\"@id\":\"https:\/\/pokawa.com\/#organization\",\"name\":\"Pokawa\",\"url\":\"https:\/\/pokawa.com\/\",\"logo\":{\"@type\":\"ImageObject\",\"inLanguage\":\"es\",\"@id\":\"https:\/\/pokawa.com\/#\/schema\/logo\/image\/\",\"url\":\"https:\/\/pokawa.com\/wp-content\/uploads\/2026\/01\/LOGO.png\",\"contentUrl\":\"https:\/\/pokawa.com\/wp-content\/uploads\/2026\/01\/LOGO.png\",\"width\":536,\"height\":112,\"caption\":\"Pokawa\"},\"image\":{\"@id\":\"https:\/\/pokawa.com\/#\/schema\/logo\/image\/\"}}]}<\/script>\n<!-- \/ Yoast SEO plugin. -->","yoast_head_json":{"title":"Normas del concurso - Pokawa","robots":{"index":"index","follow":"follow","max-snippet":"max-snippet:-1","max-image-preview":"max-image-preview:large","max-video-preview":"max-video-preview:-1"},"canonical":"https:\/\/pokawa.com\/es\/reglements-jeu-concours\/","og_locale":"es_ES","og_type":"article","og_title":"R\u00e8glements Jeu concours - Pokawa","og_description":"CHAUSSE AU TR\u00c9SOR KOH-LANTA R\u00e8glement du Jeu Concours ICI. Saint-valentin R\u00e8glement du Jeu Concours ICI.","og_url":"https:\/\/pokawa.com\/es\/reglements-jeu-concours\/","og_site_name":"Pokawa","article_modified_time":"2026-02-12T13:54:41+00:00","twitter_card":"summary_large_image","twitter_misc":{"Tiempo de lectura":"1 minuto"},"schema":{"@context":"https:\/\/schema.org","@graph":[{"@type":"WebPage","@id":"https:\/\/pokawa.com\/reglements-jeu-concours\/","url":"https:\/\/pokawa.com\/reglements-jeu-concours\/","name":"Normas del concurso - Pokawa","isPartOf":{"@id":"https:\/\/pokawa.com\/#website"},"datePublished":"2026-02-12T13:44:53+00:00","dateModified":"2026-02-12T13:54:41+00:00","breadcrumb":{"@id":"https:\/\/pokawa.com\/reglements-jeu-concours\/#breadcrumb"},"inLanguage":"es","potentialAction":[{"@type":"ReadAction","target":["https:\/\/pokawa.com\/reglements-jeu-concours\/"]}]},{"@type":"BreadcrumbList","@id":"https:\/\/pokawa.com\/reglements-jeu-concours\/#breadcrumb","itemListElement":[{"@type":"ListItem","position":1,"name":"Accueil","item":"https:\/\/pokawa.com\/"},{"@type":"ListItem","position":2,"name":"R\u00e8glements Jeu concours"}]},{"@type":"WebSite","@id":"https:\/\/pokawa.com\/#website","url":"https:\/\/pokawa.com\/","name":"Pokawa","description":"El l\u00edder en reparto de Pok\u00e9 y comida para llevar","publisher":{"@id":"https:\/\/pokawa.com\/#organization"},"potentialAction":[{"@type":"SearchAction","target":{"@type":"EntryPoint","urlTemplate":"https:\/\/pokawa.com\/?s={search_term_string}"},"query-input":{"@type":"PropertyValueSpecification","valueRequired":true,"valueName":"search_term_string"}}],"inLanguage":"es"},{"@type":"Organization","@id":"https:\/\/pokawa.com\/#organization","name":"Pokawa","url":"https:\/\/pokawa.com\/","logo":{"@type":"ImageObject","inLanguage":"es","@id":"https:\/\/pokawa.com\/#\/schema\/logo\/image\/","url":"https:\/\/pokawa.com\/wp-content\/uploads\/2026\/01\/LOGO.png","contentUrl":"https:\/\/pokawa.com\/wp-content\/uploads\/2026\/01\/LOGO.png","width":536,"height":112,"caption":"Pokawa"},"image":{"@id":"https:\/\/pokawa.com\/#\/schema\/logo\/image\/"}}]}},"_links":{"self":[{"href":"https:\/\/pokawa.com\/es\/wp-json\/wp\/v2\/pages\/3442","targetHints":{"allow":["GET"]}}],"collection":[{"href":"https:\/\/pokawa.com\/es\/wp-json\/wp\/v2\/pages"}],"about":[{"href":"https:\/\/pokawa.com\/es\/wp-json\/wp\/v2\/types\/page"}],"author":[{"embeddable":true,"href":"https:\/\/pokawa.com\/es\/wp-json\/wp\/v2\/users\/2"}],"replies":[{"embeddable":true,"href":"https:\/\/pokawa.com\/es\/wp-json\/wp\/v2\/comments?post=3442"}],"version-history":[{"count":8,"href":"https:\/\/pokawa.com\/es\/wp-json\/wp\/v2\/pages\/3442\/revisions"}],"predecessor-version":[{"id":4064,"href":"https:\/\/pokawa.com\/es\/wp-json\/wp\/v2\/pages\/3442\/revisions\/4064"}],"wp:attachment":[{"href":"https:\/\/pokawa.com\/es\/wp-json\/wp\/v2\/media?parent=3442"}],"curies":[{"name":"wp","href":"https:\/\/api.w.org\/{rel}","templated":true}]}}