{"id":1494,"date":"2026-02-06T11:37:58","date_gmt":"2026-02-06T11:37:58","guid":{"rendered":"https:\/\/pokawa.com\/?page_id=1494"},"modified":"2026-02-09T23:22:49","modified_gmt":"2026-02-09T23:22:49","slug":"press-room","status":"publish","type":"page","link":"https:\/\/pokawa.com\/es\/press-room\/","title":{"rendered":"Sala de prensa"},"content":{"rendered":"<div data-elementor-type=\"wp-page\" data-elementor-id=\"1494\" class=\"elementor elementor-1494\" data-elementor-post-type=\"page\">\n\t\t\t\t\t\t<section class=\"elementor-section elementor-top-section elementor-element elementor-element-16c05b7 elementor-section-height-min-height elementor-section-boxed elementor-section-height-default elementor-section-items-middle\" data-id=\"16c05b7\" data-element_type=\"section\" data-e-type=\"section\" data-settings=\"{&quot;background_background&quot;:&quot;classic&quot;}\">\n\t\t\t\t\t\t<div class=\"elementor-container elementor-column-gap-default\">\n\t\t\t\t\t<div class=\"elementor-column elementor-col-100 elementor-top-column elementor-element elementor-element-7b31d1a\" data-id=\"7b31d1a\" data-element_type=\"column\" data-e-type=\"column\">\n\t\t\t<div class=\"elementor-widget-wrap elementor-element-populated\">\n\t\t\t\t\t\t<div class=\"elementor-element elementor-element-1c0a527 elementor-widget__width-initial elementor-widget elementor-widget-heading\" data-id=\"1c0a527\" data-element_type=\"widget\" data-e-type=\"widget\" data-widget_type=\"heading.default\">\n\t\t\t\t\t<h2 class=\"elementor-heading-title elementor-size-default\">Sala de prensa<\/h2>\t\t\t\t<\/div>\n\t\t\t\t\t<\/div>\n\t\t<\/div>\n\t\t\t\t\t<\/div>\n\t\t<\/section>\n\t\t\t\t<section class=\"elementor-section elementor-top-section elementor-element elementor-element-974c592 elementor-section-boxed elementor-section-height-default elementor-section-height-default\" data-id=\"974c592\" data-element_type=\"section\" data-e-type=\"section\" data-settings=\"{&quot;background_background&quot;:&quot;classic&quot;}\">\n\t\t\t\t\t\t<div class=\"elementor-container elementor-column-gap-default\">\n\t\t\t\t\t<div class=\"elementor-column elementor-col-100 elementor-top-column elementor-element elementor-element-7c8f728\" data-id=\"7c8f728\" data-element_type=\"column\" data-e-type=\"column\">\n\t\t\t<div class=\"elementor-widget-wrap elementor-element-populated\">\n\t\t\t\t\t\t<div class=\"elementor-element elementor-element-ff8387c elementor-widget__width-initial elementor-widget-mobile__width-initial elementor-widget elementor-widget-heading\" data-id=\"ff8387c\" data-element_type=\"widget\" data-e-type=\"widget\" data-widget_type=\"heading.default\">\n\t\t\t\t\t<h2 class=\"elementor-heading-title elementor-size-default\">ESTAMOS HABLANDO\nDE NOSOTROS?<\/h2>\t\t\t\t<\/div>\n\t\t\t\t<section class=\"elementor-section elementor-inner-section elementor-element elementor-element-1ee544b elementor-section-full_width elementor-section-height-default elementor-section-height-default\" data-id=\"1ee544b\" data-element_type=\"section\" data-e-type=\"section\">\n\t\t\t\t\t\t<div class=\"elementor-container elementor-column-gap-default\">\n\t\t\t\t\t<div class=\"elementor-column elementor-col-33 elementor-inner-column elementor-element elementor-element-7b4c36b\" data-id=\"7b4c36b\" data-element_type=\"column\" data-e-type=\"column\">\n\t\t\t<div class=\"elementor-widget-wrap elementor-element-populated\">\n\t\t\t\t\t\t<div class=\"elementor-element elementor-element-43ac8db elementor-widget elementor-widget-heading\" data-id=\"43ac8db\" data-element_type=\"widget\" data-e-type=\"widget\" data-widget_type=\"heading.default\">\n\t\t\t\t\t<h2 class=\"elementor-heading-title elementor-size-default\">NUESTROS COMUNICADOS DE PRENSA<\/h2>\t\t\t\t<\/div>\n\t\t\t\t<div class=\"elementor-element elementor-element-a475157 elementor-widget elementor-widget-text-editor\" data-id=\"a475157\" data-element_type=\"widget\" data-e-type=\"widget\" data-widget_type=\"text-editor.default\">\n\t\t\t\t\t\t\t\t\tPokawa ofrece Pok\u00e9 Bowls gourmet con sabores ex\u00f3ticos, preparados a diario con ingredientes frescos y saludables en cada una de sus Barakawas.\n\nUn men\u00fa variado, de salado a dulce y de caliente a fr\u00edo, pensado para todos los gustos y dietas.\t\t\t\t\t\t\t\t<\/div>\n\t\t\t\t\t<\/div>\n\t\t<\/div>\n\t\t\t\t<div class=\"elementor-column elementor-col-33 elementor-inner-column elementor-element elementor-element-5cc48c7\" data-id=\"5cc48c7\" data-element_type=\"column\" data-e-type=\"column\">\n\t\t\t<div class=\"elementor-widget-wrap\">\n\t\t\t\t\t\t\t<\/div>\n\t\t<\/div>\n\t\t\t\t<div class=\"elementor-column elementor-col-33 elementor-inner-column elementor-element elementor-element-fb152d7\" data-id=\"fb152d7\" data-element_type=\"column\" data-e-type=\"column\">\n\t\t\t<div class=\"elementor-widget-wrap elementor-element-populated\">\n\t\t\t\t\t\t<div class=\"elementor-element elementor-element-61dc2a8 elementor-widget elementor-widget-text-editor\" data-id=\"61dc2a8\" data-element_type=\"widget\" data-e-type=\"widget\" data-widget_type=\"text-editor.default\">\n\t\t\t\t\t\t\t\t\tPresente en Francia y a escala internacional, Pokawa cultiva un arte de vivir que combina viajes, cocina sana y buen humor. \ud83c\udf08\t\t\t\t\t\t\t\t<\/div>\n\t\t\t\t\t<\/div>\n\t\t<\/div>\n\t\t\t\t\t<\/div>\n\t\t<\/section>\n\t\t\t\t\t<\/div>\n\t\t<\/div>\n\t\t\t\t\t<\/div>\n\t\t<\/section>\n\t\t\t\t<section class=\"elementor-section elementor-top-section elementor-element elementor-element-6a11899 elementor-section-boxed elementor-section-height-default elementor-section-height-default\" data-id=\"6a11899\" data-element_type=\"section\" data-e-type=\"section\">\n\t\t\t\t\t\t<div class=\"elementor-container elementor-column-gap-default\">\n\t\t\t\t\t<div class=\"elementor-column elementor-col-100 elementor-top-column elementor-element elementor-element-e539c7e\" data-id=\"e539c7e\" data-element_type=\"column\" data-e-type=\"column\">\n\t\t\t<div class=\"elementor-widget-wrap elementor-element-populated\">\n\t\t\t\t\t\t<div class=\"elementor-element elementor-element-87ccac4 elementor-grid-2 elementor-grid-tablet-2 elementor-grid-mobile-1 elementor-widget elementor-widget-loop-grid\" data-id=\"87ccac4\" data-element_type=\"widget\" data-e-type=\"widget\" data-settings=\"{&quot;template_id&quot;:&quot;1497&quot;,&quot;columns&quot;:2,&quot;row_gap&quot;:{&quot;unit&quot;:&quot;px&quot;,&quot;size&quot;:80,&quot;sizes&quot;:[]},&quot;row_gap_mobile&quot;:{&quot;unit&quot;:&quot;px&quot;,&quot;size&quot;:40,&quot;sizes&quot;:[]},&quot;_skin&quot;:&quot;post&quot;,&quot;columns_tablet&quot;:&quot;2&quot;,&quot;columns_mobile&quot;:&quot;1&quot;,&quot;edit_handle_selector&quot;:&quot;[data-elementor-type=\\&quot;loop-item\\&quot;]&quot;,&quot;row_gap_tablet&quot;:{&quot;unit&quot;:&quot;px&quot;,&quot;size&quot;:&quot;&quot;,&quot;sizes&quot;:[]}}\" data-widget_type=\"loop-grid.post\">\n\t\t\t\t<div class=\"elementor-widget-container\">\n\t\t\t\t\t\t\t<div class=\"elementor-loop-container elementor-grid\" role=\"list\">\n\t\t<style id=\"loop-1497\">.elementor-1497 .elementor-element.elementor-element-cf6bab9 > .elementor-widget-wrap > .elementor-widget:not(.elementor-widget__width-auto):not(.elementor-widget__width-initial):not(:last-child):not(.elementor-absolute){--kit-widget-spacing:25px;}.elementor-1497 .elementor-element.elementor-element-cf6bab9 > .elementor-element-populated{padding:0px 0px 0px 0px;}.elementor-widget-image .widget-image-caption{color:var( --e-global-color-text );font-family:var( --e-global-typography-text-font-family ), Sans-serif;font-size:var( --e-global-typography-text-font-size );font-weight:var( --e-global-typography-text-font-weight );word-spacing:var( --e-global-typography-text-word-spacing );}.elementor-1497 .elementor-element.elementor-element-3a19ea1 img{width:100%;border-radius:10px 10px 10px 10px;}.elementor-widget-heading .elementor-heading-title{font-family:var( --e-global-typography-primary-font-family ), Sans-serif;font-size:var( --e-global-typography-primary-font-size );font-weight:var( --e-global-typography-primary-font-weight );text-transform:var( --e-global-typography-primary-text-transform );line-height:var( --e-global-typography-primary-line-height );color:var( --e-global-color-primary );}.elementor-1497 .elementor-element.elementor-element-b7d0455 .elementor-heading-title{font-family:var( --e-global-typography-54cb86a-font-family ), Sans-serif;font-size:var( --e-global-typography-54cb86a-font-size );font-weight:var( --e-global-typography-54cb86a-font-weight );line-height:var( --e-global-typography-54cb86a-line-height );letter-spacing:var( --e-global-typography-54cb86a-letter-spacing );word-spacing:var( --e-global-typography-54cb86a-word-spacing );}.elementor-widget-text-editor{font-family:var( --e-global-typography-text-font-family ), Sans-serif;font-size:var( --e-global-typography-text-font-size );font-weight:var( --e-global-typography-text-font-weight );word-spacing:var( --e-global-typography-text-word-spacing );color:var( --e-global-color-text );}.elementor-widget-text-editor.elementor-drop-cap-view-stacked .elementor-drop-cap{background-color:var( --e-global-color-primary );}.elementor-widget-text-editor.elementor-drop-cap-view-framed .elementor-drop-cap, .elementor-widget-text-editor.elementor-drop-cap-view-default .elementor-drop-cap{color:var( --e-global-color-primary );border-color:var( --e-global-color-primary );}.elementor-widget-button .elementor-button{font-family:var( --e-global-typography-accent-font-family ), Sans-serif;font-size:var( --e-global-typography-accent-font-size );font-weight:var( --e-global-typography-accent-font-weight );text-transform:var( --e-global-typography-accent-text-transform );line-height:var( --e-global-typography-accent-line-height );background-color:var( --e-global-color-accent );}.elementor-1497 .elementor-element.elementor-element-4548d6a .elementor-button{fill:var( --e-global-color-secondary );color:var( --e-global-color-secondary );background-color:var( --e-global-color-2115cdd );border-radius:30px 30px 30px 30px;}.elementor-1497 .elementor-element.elementor-element-4548d6a .elementor-button:hover, .elementor-1497 .elementor-element.elementor-element-4548d6a .elementor-button:focus{color:var( --e-global-color-secondary );background-color:var( --e-global-color-0307706 );}.elementor-1497 .elementor-element.elementor-element-4548d6a .elementor-button:hover svg, .elementor-1497 .elementor-element.elementor-element-4548d6a .elementor-button:focus svg{fill:var( --e-global-color-secondary );}@media(max-width:1024px){.elementor-widget-image .widget-image-caption{font-size:var( --e-global-typography-text-font-size );word-spacing:var( --e-global-typography-text-word-spacing );}.elementor-widget-heading .elementor-heading-title{font-size:var( --e-global-typography-primary-font-size );line-height:var( --e-global-typography-primary-line-height );}.elementor-1497 .elementor-element.elementor-element-b7d0455 .elementor-heading-title{font-size:var( --e-global-typography-54cb86a-font-size );line-height:var( --e-global-typography-54cb86a-line-height );letter-spacing:var( --e-global-typography-54cb86a-letter-spacing );word-spacing:var( --e-global-typography-54cb86a-word-spacing );}.elementor-widget-text-editor{font-size:var( --e-global-typography-text-font-size );word-spacing:var( --e-global-typography-text-word-spacing );}.elementor-widget-button .elementor-button{font-size:var( --e-global-typography-accent-font-size );line-height:var( --e-global-typography-accent-line-height );}}@media(max-width:767px){.elementor-widget-image .widget-image-caption{font-size:var( --e-global-typography-text-font-size );word-spacing:var( --e-global-typography-text-word-spacing );}.elementor-widget-heading .elementor-heading-title{font-size:var( --e-global-typography-primary-font-size );line-height:var( --e-global-typography-primary-line-height );}.elementor-1497 .elementor-element.elementor-element-b7d0455 .elementor-heading-title{font-size:var( --e-global-typography-54cb86a-font-size );line-height:var( --e-global-typography-54cb86a-line-height );letter-spacing:var( --e-global-typography-54cb86a-letter-spacing );word-spacing:var( --e-global-typography-54cb86a-word-spacing );}.elementor-widget-text-editor{font-size:var( --e-global-typography-text-font-size );word-spacing:var( --e-global-typography-text-word-spacing );}.elementor-widget-button .elementor-button{font-size:var( --e-global-typography-accent-font-size );line-height:var( --e-global-typography-accent-line-height );}}<\/style>\t\t<div data-elementor-type=\"loop-item\" data-elementor-id=\"1497\" class=\"elementor elementor-1497 e-loop-item e-loop-item-3567 post-3567 post type-post status-publish format-standard has-post-thumbnail hentry category-press\" data-elementor-post-type=\"elementor_library\" data-custom-edit-handle=\"1\">\n\t\t\t\t\t<section class=\"elementor-section elementor-top-section elementor-element elementor-element-897c735 elementor-section-boxed elementor-section-height-default elementor-section-height-default\" data-id=\"897c735\" data-element_type=\"section\" data-e-type=\"section\">\n\t\t\t\t\t\t<div class=\"elementor-container elementor-column-gap-default\">\n\t\t\t\t\t<div class=\"elementor-column elementor-col-100 elementor-top-column elementor-element elementor-element-cf6bab9\" data-id=\"cf6bab9\" data-element_type=\"column\" data-e-type=\"column\">\n\t\t\t<div class=\"elementor-widget-wrap elementor-element-populated\">\n\t\t\t\t\t\t<div class=\"elementor-element elementor-element-3a19ea1 elementor-widget elementor-widget-image\" data-id=\"3a19ea1\" data-element_type=\"widget\" data-e-type=\"widget\" data-widget_type=\"image.default\">\n\t\t\t\t\t\t\t\t\t\t\t\t\t\t\t<img fetchpriority=\"high\" decoding=\"async\" width=\"800\" height=\"417\" src=\"https:\/\/pokawa.com\/wp-content\/uploads\/2026\/02\/POST-X-KL.webp\" class=\"attachment-full size-full wp-image-3569\" alt=\"Pokawa x Koh Lanta\" srcset=\"https:\/\/pokawa.com\/wp-content\/uploads\/2026\/02\/POST-X-KL.webp 800w, https:\/\/pokawa.com\/wp-content\/uploads\/2026\/02\/POST-X-KL-300x156.webp 300w, https:\/\/pokawa.com\/wp-content\/uploads\/2026\/02\/POST-X-KL-768x400.webp 768w, https:\/\/pokawa.com\/wp-content\/uploads\/2026\/02\/POST-X-KL-18x9.webp 18w\" sizes=\"(max-width: 800px) 100vw, 800px\" \/>\t\t\t\t\t\t\t\t\t\t\t\t\t\t\t<\/div>\n\t\t\t\t<div class=\"elementor-element elementor-element-b7d0455 elementor-widget elementor-widget-heading\" data-id=\"b7d0455\" data-element_type=\"widget\" data-e-type=\"widget\" data-widget_type=\"heading.default\">\n\t\t\t\t\t<h2 class=\"elementor-heading-title elementor-size-default\">Koh Lanta x Pokawa<\/h2>\t\t\t\t<\/div>\n\t\t\t\t<div class=\"elementor-element elementor-element-4548d6a elementor-align-left elementor-widget elementor-widget-button\" data-id=\"4548d6a\" data-element_type=\"widget\" data-e-type=\"widget\" data-widget_type=\"button.default\">\n\t\t\t\t\t\t\t\t\t\t<a class=\"elementor-button elementor-button-link elementor-size-sm elementor-animation-shrink\" href=\"https:\/\/pokawa.com\/es\/koh-lanta-x-pokawa\/\">\n\t\t\t\t\t\t<span class=\"elementor-button-content-wrapper\">\n\t\t\t\t\t\t\t\t\t<span class=\"elementor-button-text\">M\u00e1s informaci\u00f3n<\/span>\n\t\t\t\t\t<\/span>\n\t\t\t\t\t<\/a>\n\t\t\t\t\t\t\t\t<\/div>\n\t\t\t\t\t<\/div>\n\t\t<\/div>\n\t\t\t\t\t<\/div>\n\t\t<\/section>\n\t\t\t\t<\/div>\n\t\t\t\t<\/div>\n\t\t\n\t\t\t\t\t\t<\/div>\n\t\t\t\t<\/div>\n\t\t\t\t\t<\/div>\n\t\t<\/div>\n\t\t\t\t\t<\/div>\n\t\t<\/section>\n\t\t\t\t<section class=\"elementor-section elementor-top-section elementor-element elementor-element-4be5979 elementor-hidden-desktop elementor-hidden-tablet elementor-hidden-mobile elementor-section-boxed elementor-section-height-default elementor-section-height-default\" data-id=\"4be5979\" data-element_type=\"section\" data-e-type=\"section\" data-settings=\"{&quot;background_background&quot;:&quot;classic&quot;}\">\n\t\t\t\t\t\t<div class=\"elementor-container elementor-column-gap-default\">\n\t\t\t\t\t<div class=\"elementor-column elementor-col-100 elementor-top-column elementor-element elementor-element-18d5565\" data-id=\"18d5565\" data-element_type=\"column\" data-e-type=\"column\">\n\t\t\t<div class=\"elementor-widget-wrap elementor-element-populated\">\n\t\t\t\t\t\t<div class=\"elementor-element elementor-element-65dafad elementor-widget elementor-widget-heading\" data-id=\"65dafad\" data-element_type=\"widget\" data-e-type=\"widget\" data-widget_type=\"heading.default\">\n\t\t\t\t\t<h2 class=\"elementor-heading-title elementor-size-default\">LAS PERSONAS EN EL CENTRO DE NUESTRA ESTRATEGIA<\/h2>\t\t\t\t<\/div>\n\t\t\t\t<div class=\"elementor-element elementor-element-effea81 elementor-widget elementor-widget-text-editor\" data-id=\"effea81\" data-element_type=\"widget\" data-e-type=\"widget\" data-widget_type=\"text-editor.default\">\n\t\t\t\t\t\t\t\t\tConstruir un proyecto com\u00fan apasionante, atento al bienestar, al equilibrio y a la calidad de vida en el trabajo de todos nuestros colaboradores, y formar parte de un enfoque social y solidario.\t\t\t\t\t\t\t\t<\/div>\n\t\t\t\t<div class=\"elementor-element elementor-element-d7112bd elementor-align-center elementor-widget elementor-widget-button\" data-id=\"d7112bd\" data-element_type=\"widget\" data-e-type=\"widget\" data-widget_type=\"button.default\">\n\t\t\t\t\t\t\t\t\t\t<a class=\"elementor-button elementor-button-link elementor-size-sm elementor-animation-shrink\" href=\"#\">\n\t\t\t\t\t\t<span class=\"elementor-button-content-wrapper\">\n\t\t\t\t\t\t\t\t\t<span class=\"elementor-button-text\">\u00daNETE A NOSOTROS<\/span>\n\t\t\t\t\t<\/span>\n\t\t\t\t\t<\/a>\n\t\t\t\t\t\t\t\t<\/div>\n\t\t\t\t\t<\/div>\n\t\t<\/div>\n\t\t\t\t\t<\/div>\n\t\t<\/section>\n\t\t\t\t<\/div>","protected":false},"excerpt":{"rendered":"<p>\u00bfHABLANDO DE NOSOTROS? NUESTRO COMUNICADO DE PRENSA Pokawa ofrece Pok\u00e9 Bowls gourmet con sabores ex\u00f3ticos, preparados a diario con ingredientes frescos y saludables en cada una de sus Barakawas. Un men\u00fa variado, de salado a dulce y de caliente a fr\u00edo, pensado para todos los gustos y paladares.<\/p>","protected":false},"author":1,"featured_media":0,"parent":0,"menu_order":0,"comment_status":"closed","ping_status":"closed","template":"elementor_header_footer","meta":{"footnotes":""},"class_list":["post-1494","page","type-page","status-publish","hentry"],"yoast_head":"<!-- This site is optimized with the Yoast SEO plugin v26.9 - https:\/\/yoast.com\/product\/yoast-seo-wordpress\/ -->\n<title>Press Room - Pokawa<\/title>\n<meta name=\"robots\" content=\"index, follow, max-snippet:-1, max-image-preview:large, max-video-preview:-1\" \/>\n<link rel=\"canonical\" href=\"https:\/\/pokawa.com\/es\/press-room\/\" \/>\n<meta property=\"og:locale\" content=\"es_ES\" \/>\n<meta property=\"og:type\" content=\"article\" \/>\n<meta property=\"og:title\" content=\"Press Room - Pokawa\" \/>\n<meta property=\"og:description\" content=\"ON PARLES DE NOUS ? NOS COMMUNIQU\u00c9 DE PRESSE Pokawa propose des Pok\u00e9 Bowls gourmands aux saveurs exotiques, pr\u00e9par\u00e9s chaque jour \u00e0 partir de produits frais et sains dans chacune de ses Barakawas. Une carte vari\u00e9e, du sal\u00e9 au sucr\u00e9 et du chaud au froid, pens\u00e9e pour s\u2019adapter \u00e0 toutes les envies et \u00e0 tous [&hellip;]\" \/>\n<meta property=\"og:url\" content=\"https:\/\/pokawa.com\/es\/press-room\/\" \/>\n<meta property=\"og:site_name\" content=\"Pokawa\" \/>\n<meta property=\"article:modified_time\" content=\"2026-02-09T23:22:49+00:00\" \/>\n<meta name=\"twitter:card\" content=\"summary_large_image\" \/>\n<meta name=\"twitter:label1\" content=\"Tiempo de lectura\" \/>\n\t<meta name=\"twitter:data1\" content=\"1 minuto\" \/>\n<script type=\"application\/ld+json\" class=\"yoast-schema-graph\">{\"@context\":\"https:\/\/schema.org\",\"@graph\":[{\"@type\":\"WebPage\",\"@id\":\"https:\/\/pokawa.com\/press-room\/\",\"url\":\"https:\/\/pokawa.com\/press-room\/\",\"name\":\"Press Room - Pokawa\",\"isPartOf\":{\"@id\":\"https:\/\/pokawa.com\/#website\"},\"datePublished\":\"2026-02-06T11:37:58+00:00\",\"dateModified\":\"2026-02-09T23:22:49+00:00\",\"breadcrumb\":{\"@id\":\"https:\/\/pokawa.com\/press-room\/#breadcrumb\"},\"inLanguage\":\"es\",\"potentialAction\":[{\"@type\":\"ReadAction\",\"target\":[\"https:\/\/pokawa.com\/press-room\/\"]}]},{\"@type\":\"BreadcrumbList\",\"@id\":\"https:\/\/pokawa.com\/press-room\/#breadcrumb\",\"itemListElement\":[{\"@type\":\"ListItem\",\"position\":1,\"name\":\"Accueil\",\"item\":\"https:\/\/pokawa.com\/\"},{\"@type\":\"ListItem\",\"position\":2,\"name\":\"Press Room\"}]},{\"@type\":\"WebSite\",\"@id\":\"https:\/\/pokawa.com\/#website\",\"url\":\"https:\/\/pokawa.com\/\",\"name\":\"Pokawa\",\"description\":\"Le Leader du Pok\u00e9 en Livraison ou \u00e0 Emporter\",\"publisher\":{\"@id\":\"https:\/\/pokawa.com\/#organization\"},\"potentialAction\":[{\"@type\":\"SearchAction\",\"target\":{\"@type\":\"EntryPoint\",\"urlTemplate\":\"https:\/\/pokawa.com\/?s={search_term_string}\"},\"query-input\":{\"@type\":\"PropertyValueSpecification\",\"valueRequired\":true,\"valueName\":\"search_term_string\"}}],\"inLanguage\":\"es\"},{\"@type\":\"Organization\",\"@id\":\"https:\/\/pokawa.com\/#organization\",\"name\":\"Pokawa\",\"url\":\"https:\/\/pokawa.com\/\",\"logo\":{\"@type\":\"ImageObject\",\"inLanguage\":\"es\",\"@id\":\"https:\/\/pokawa.com\/#\/schema\/logo\/image\/\",\"url\":\"https:\/\/pokawa.com\/wp-content\/uploads\/2026\/01\/LOGO.png\",\"contentUrl\":\"https:\/\/pokawa.com\/wp-content\/uploads\/2026\/01\/LOGO.png\",\"width\":536,\"height\":112,\"caption\":\"Pokawa\"},\"image\":{\"@id\":\"https:\/\/pokawa.com\/#\/schema\/logo\/image\/\"}}]}<\/script>\n<!-- \/ Yoast SEO plugin. -->","yoast_head_json":{"title":"Sala de prensa - Pokawa","robots":{"index":"index","follow":"follow","max-snippet":"max-snippet:-1","max-image-preview":"max-image-preview:large","max-video-preview":"max-video-preview:-1"},"canonical":"https:\/\/pokawa.com\/es\/press-room\/","og_locale":"es_ES","og_type":"article","og_title":"Press Room - Pokawa","og_description":"ON PARLES DE NOUS ? NOS COMMUNIQU\u00c9 DE PRESSE Pokawa propose des Pok\u00e9 Bowls gourmands aux saveurs exotiques, pr\u00e9par\u00e9s chaque jour \u00e0 partir de produits frais et sains dans chacune de ses Barakawas. Une carte vari\u00e9e, du sal\u00e9 au sucr\u00e9 et du chaud au froid, pens\u00e9e pour s\u2019adapter \u00e0 toutes les envies et \u00e0 tous [&hellip;]","og_url":"https:\/\/pokawa.com\/es\/press-room\/","og_site_name":"Pokawa","article_modified_time":"2026-02-09T23:22:49+00:00","twitter_card":"summary_large_image","twitter_misc":{"Tiempo de lectura":"1 minuto"},"schema":{"@context":"https:\/\/schema.org","@graph":[{"@type":"WebPage","@id":"https:\/\/pokawa.com\/press-room\/","url":"https:\/\/pokawa.com\/press-room\/","name":"Sala de prensa - Pokawa","isPartOf":{"@id":"https:\/\/pokawa.com\/#website"},"datePublished":"2026-02-06T11:37:58+00:00","dateModified":"2026-02-09T23:22:49+00:00","breadcrumb":{"@id":"https:\/\/pokawa.com\/press-room\/#breadcrumb"},"inLanguage":"es","potentialAction":[{"@type":"ReadAction","target":["https:\/\/pokawa.com\/press-room\/"]}]},{"@type":"BreadcrumbList","@id":"https:\/\/pokawa.com\/press-room\/#breadcrumb","itemListElement":[{"@type":"ListItem","position":1,"name":"Accueil","item":"https:\/\/pokawa.com\/"},{"@type":"ListItem","position":2,"name":"Press Room"}]},{"@type":"WebSite","@id":"https:\/\/pokawa.com\/#website","url":"https:\/\/pokawa.com\/","name":"Pokawa","description":"El l\u00edder en reparto de Pok\u00e9 y comida para llevar","publisher":{"@id":"https:\/\/pokawa.com\/#organization"},"potentialAction":[{"@type":"SearchAction","target":{"@type":"EntryPoint","urlTemplate":"https:\/\/pokawa.com\/?s={search_term_string}"},"query-input":{"@type":"PropertyValueSpecification","valueRequired":true,"valueName":"search_term_string"}}],"inLanguage":"es"},{"@type":"Organization","@id":"https:\/\/pokawa.com\/#organization","name":"Pokawa","url":"https:\/\/pokawa.com\/","logo":{"@type":"ImageObject","inLanguage":"es","@id":"https:\/\/pokawa.com\/#\/schema\/logo\/image\/","url":"https:\/\/pokawa.com\/wp-content\/uploads\/2026\/01\/LOGO.png","contentUrl":"https:\/\/pokawa.com\/wp-content\/uploads\/2026\/01\/LOGO.png","width":536,"height":112,"caption":"Pokawa"},"image":{"@id":"https:\/\/pokawa.com\/#\/schema\/logo\/image\/"}}]}},"_links":{"self":[{"href":"https:\/\/pokawa.com\/es\/wp-json\/wp\/v2\/pages\/1494","targetHints":{"allow":["GET"]}}],"collection":[{"href":"https:\/\/pokawa.com\/es\/wp-json\/wp\/v2\/pages"}],"about":[{"href":"https:\/\/pokawa.com\/es\/wp-json\/wp\/v2\/types\/page"}],"author":[{"embeddable":true,"href":"https:\/\/pokawa.com\/es\/wp-json\/wp\/v2\/users\/1"}],"replies":[{"embeddable":true,"href":"https:\/\/pokawa.com\/es\/wp-json\/wp\/v2\/comments?post=1494"}],"version-history":[{"count":37,"href":"https:\/\/pokawa.com\/es\/wp-json\/wp\/v2\/pages\/1494\/revisions"}],"predecessor-version":[{"id":3099,"href":"https:\/\/pokawa.com\/es\/wp-json\/wp\/v2\/pages\/1494\/revisions\/3099"}],"wp:attachment":[{"href":"https:\/\/pokawa.com\/es\/wp-json\/wp\/v2\/media?parent=1494"}],"curies":[{"name":"wp","href":"https:\/\/api.w.org\/{rel}","templated":true}]}}